{"id":14721,"date":"2024-08-28T09:57:54","date_gmt":"2024-08-28T09:57:54","guid":{"rendered":"https:\/\/mielenzuola.it\/?post_type=product&#038;p=14721"},"modified":"2025-11-14T13:49:32","modified_gmt":"2025-11-14T13:49:32","slug":"parure-copripiumino-labbraccio-di-lucy","status":"publish","type":"product","link":"https:\/\/mielenzuola.it\/it\/prodotto\/parure-copripiumino-labbraccio-di-lucy\/","title":{"rendered":"Biancheria da letto L'abbraccio di Lucy"},"content":{"rendered":"<h2>Biancheria da letto L'abbraccio di Lucy<\/h2>\n<p>Di alta qualit\u00e0 e piacevolmente morbido al tatto <strong>Biancheria da letto L'abbraccio di Lucy<\/strong> \u00e8 la scelta giusta per il massimo comfort e un sonno riposante. Si adatta perfettamente a qualsiasi camera da letto e aggiunge un tocco di relax.<\/p>\n<p>La biancheria da letto dell'abbraccio di Lu\u010dka \u00e8 realizzata in <strong>100% cotone renforce<\/strong>, noto per la sua morbidezza, la traspirabilit\u00e0 e la facilit\u00e0 di contatto con la pelle. Il tessuto utilizzato ha <strong>Certificato OEKO-TEX Standard 100<\/strong>, il che significa che \u00e8 stato testato per le sostanze nocive ed \u00e8 sicuro per il contatto con la pelle.<\/p>\n<p>Il cotone renforce \u00e8 uno dei tessuti pi\u00f9 popolari per la biancheria da letto. Il tipo di tessitura renforce o lino fine garantisce <strong>piacevolmente morbido e resistente<\/strong> un tessuto che \u00e8 <strong>bassa manutenzione<\/strong>.<\/p>\n<p>La biancheria da letto in cotone Renforce \u00e8 adatta per <strong>per tutte le stagioni<\/strong>. Il materiale naturale assicura che la biancheria da letto sia <strong>traspirante e traspirante<\/strong>, per cui non si suda quando si \u00e8 coperti. La circolazione dell'aria garantisce una superficie di riposo fresca in estate e calda in inverno.<\/p>\n<p>La biancheria da letto in cotone Renforce \u00e8 la scelta perfetta per chi vuole aumentare il comfort della propria camera da letto e garantire un sonno riposante e di qualit\u00e0.<\/p>\n<h3>Dimensioni disponibili<\/h3>\n<p>Nel set di biancheria da letto \u00e8 possibile scegliere tra <strong>due misure di copripiumino<\/strong> e <strong>due misure di federa<\/strong>.<\/p>\n<p>Dimensioni del copripiumino disponibili:<\/p>\n<ul>\n<li>140\u00d7220 cm<\/li>\n<li>200\u00d7200 cm<\/li>\n<\/ul>\n<p>Dimensioni della federa disponibili:<\/p>\n<ul>\n<li>50\u00d770 cm<\/li>\n<li>60\u00d780 cm<\/li>\n<\/ul>\n<p>Con il copripiumino 140\u00d7220 cm si riceve una federa della misura scelta. Con il copripiumino 200\u00d7200 cm si ricevono due federe della misura scelta.<\/p>\n<hr \/>\n<p>Individuale\u00a0<a href=\"https:\/\/mielenzuola.it\/it\/prodotto\/federa-l-abbraccio-di-lucy\/\">federe<\/a>\u00a0e\u00a0<a href=\"https:\/\/mielenzuola.it\/it\/prodotto\/copripiumino-l-abbraccio-di-lucy\/\">Il piumino copre l'abbraccio di Lucy<\/a>. Potete utilizzarli per completare o personalizzare il vostro kit a vostro piacimento.<\/p>\n<p>Cotone Renforce\u00a0<a href=\"https:\/\/mielenzuola.it\/it\/categoria-prodotto\/camera-da-letto\/parure-copripiumino\/\">biancheria da letto<\/a>\u00a0\u00e8 disponibile anche con altri motivi attraenti come: <a href=\"https:\/\/mielenzuola.it\/it\/prodotto\/parure-copripiumino-happy-dreams-blu\/\">Sogni d'oro - Blu<\/a>, <a href=\"https:\/\/mielenzuola.it\/it\/prodotto\/parure-copripiumino-armonia-bianca-e-nera\/\">Armonia in bianco e nero<\/a>,\u00a0<a href=\"https:\/\/mielenzuola.it\/it\/prodotto\/parure-copripiumino-scacchiera-blu-e-bianca\/\">Scacchiera blu e bianca<\/a>, <a href=\"https:\/\/mielenzuola.it\/it\/prodotto\/parure-copripiumino-floriana\/\">Floriana<\/a> e <a href=\"https:\/\/mielenzuola.it\/it\/prodotto\/parure-copripiumino-monstera-esotica\/\">Mostro esotico<\/a>.<\/p>\n<p>\ud83d\udc49 Esplorate l'offerta completa nel nostro sito web <a href=\"https:\/\/mielenzuola.it\/it\/\">negozio online Pocenirjuhe.si<\/a> e creare <a href=\"https:\/\/mielenzuola.it\/it\/categoria-prodotto\/camera-da-letto\/\">camera da letto<\/a> a seconda dei gusti.<\/p>","protected":false},"excerpt":{"rendered":"<p><img loading=\"lazy\" decoding=\"async\" src=\"https:\/\/mielenzuola.it\/wp-content\/uploads\/check-1-400x400.png\" alt=\"\" width=\"20\" height=\"20\" \/> 100% cotone renforce<br \/>\n<img loading=\"lazy\" decoding=\"async\" src=\"https:\/\/mielenzuola.it\/wp-content\/uploads\/check-1-400x400.png\" alt=\"\" width=\"20\" height=\"20\" \/> Realizzato in materiale certificato OEKO-TEX Standard 100<br \/>\n<img loading=\"lazy\" decoding=\"async\" src=\"https:\/\/mielenzuola.it\/wp-content\/uploads\/check-1-400x400.png\" alt=\"\" width=\"20\" height=\"20\" \/> Peso 115 g\/m<sup>2<\/sup><br \/>\n<img loading=\"lazy\" decoding=\"async\" src=\"https:\/\/mielenzuola.it\/wp-content\/uploads\/check-1-400x400.png\" alt=\"\" width=\"20\" height=\"20\" \/> Numero di fili 144<sup><br \/>\n<\/sup><img loading=\"lazy\" decoding=\"async\" src=\"https:\/\/mielenzuola.it\/wp-content\/uploads\/check-1-400x400.png\" alt=\"\" width=\"20\" height=\"20\" \/> Estremamente morbido al tatto<br \/>\n<img loading=\"lazy\" decoding=\"async\" src=\"https:\/\/mielenzuola.it\/wp-content\/uploads\/check-1-400x400.png\" alt=\"\" width=\"20\" height=\"20\" \/> Chiusura a zip<br \/>\n<img loading=\"lazy\" decoding=\"async\" src=\"https:\/\/mielenzuola.it\/wp-content\/uploads\/check-1-400x400.png\" alt=\"\" width=\"20\" height=\"20\" \/> Prodotto in Europa<\/p>\n<hr \/>\n<p><strong>Include:<\/strong><br \/>\n1\u00d7 copripiumino 140\u00d7220 cm + 1\u00d7 federa<br \/>\no<br \/>\n1\u00d7 copripiumino 200\u00d7200 cm + 2\u00d7 federa<\/p>","protected":false},"featured_media":15058,"template":"","meta":[],"product_brand":[697],"product_cat":[15,72],"product_tag":[282,284,359,429,644,645,646],"class_list":{"0":"post-14721","1":"product","2":"type-product","3":"status-publish","4":"has-post-thumbnail","6":"product_brand-pocenirjuhe","7":"product_cat-spalnica","8":"product_cat-posteljnina","9":"product_tag-posteljnina-200x200-cm","10":"product_tag-kvalitetna-posteljnina","11":"product_tag-posteljnina-140x220-cm","12":"product_tag-posteljnine-poceni-rjuhe","13":"product_tag-bombazna-posteljnina","14":"product_tag-moderna-posteljnina","15":"product_tag-posteljnina-za-enojno-posteljo","16":"pa_barva-2-modra","17":"pa_barva-2-zelena","18":"pa_dim-prevleka-odeja-140x220-cm","19":"pa_dim-prevleka-odeja-200x200-cm","20":"pa_dim-prevleka-vzglavnik-50x70-cm","21":"pa_dim-prevleka-vzglavnik-60x80-cm","22":"pa_motiv-luckin-objem","24":"first","25":"instock","26":"sale","27":"shipping-taxable","28":"purchasable","29":"product-type-variable"},"yoast_head":"<!-- This site is optimized with the Yoast SEO Premium plugin v25.3.1 (Yoast SEO v26.4) - https:\/\/yoast.com\/wordpress\/plugins\/seo\/ -->\n<title>Posteljnina Lu\u010dkin objem | 100% Bomba\u017e Renforce | Mielenzuola.it<\/title>\n<meta name=\"description\" content=\"Visokokakovostna Posteljnina Lu\u010dkin objem izdelana iz naravnega 100% bomba\u017ea renforce vam ponuja vrhunsko udobje po najugodnej\u0161i ceni. Zagotovite si svojo!\" \/>\n<meta name=\"robots\" content=\"noindex, follow, max-snippet:-1, max-image-preview:large, max-video-preview:-1\" \/>\n<meta property=\"og:locale\" content=\"it_IT\" \/>\n<meta property=\"og:type\" content=\"article\" \/>\n<meta property=\"og:title\" content=\"Posteljnina Lu\u010dkin objem | 100% Bomba\u017e Renforce | Mielenzuola.it\" \/>\n<meta property=\"og:description\" content=\"Visokokakovostna Posteljnina Lu\u010dkin objem izdelana iz 100% bomba\u017ea renforce vam ponuja vrhunsko udobje po najugodnej\u0161i ceni. Zagotovite si svojo!\" \/>\n<meta property=\"og:url\" content=\"https:\/\/mielenzuola.it\/it\/prodotto\/parure-copripiumino-labbraccio-di-lucy\/\" \/>\n<meta property=\"og:site_name\" content=\"Mielenzuola.it\" \/>\n<meta property=\"article:publisher\" content=\"https:\/\/www.facebook.com\/pocenirjuhe.si\" \/>\n<meta property=\"article:modified_time\" content=\"2025-11-14T13:49:32+00:00\" \/>\n<meta property=\"og:image\" content=\"https:\/\/mielenzuola.it\/wp-content\/uploads\/posteljnina-luckin-objem.jpg\" \/>\n\t<meta property=\"og:image:width\" content=\"800\" \/>\n\t<meta property=\"og:image:height\" content=\"800\" \/>\n\t<meta property=\"og:image:type\" content=\"image\/jpeg\" \/>\n<meta name=\"twitter:card\" content=\"summary_large_image\" \/>\n<meta name=\"twitter:title\" content=\"Posteljnina Lu\u010dkin objem | 100% Bomba\u017e Renforce | Mielenzuola.it\" \/>\n<meta name=\"twitter:description\" content=\"Visokokakovostna Posteljnina Lu\u010dkin objem iz 100% bomba\u017ea renforce vam ponuja vrhunsko udobje po najugodnej\u0161i ceni. Zagotovite si svojo!\" \/>\n<meta name=\"twitter:image\" content=\"https:\/\/mielenzuola.it\/wp-content\/uploads\/posteljnina-luckin-objem.jpg\" \/>\n<meta name=\"twitter:label1\" content=\"Disponibilit\u00e0\" \/>\n\t<meta name=\"twitter:data1\" content=\"In stock\" \/>\n<script type=\"application\/ld+json\" class=\"yoast-schema-graph\">{\"@context\":\"https:\/\/schema.org\",\"@graph\":[{\"@type\":\"WebPage\",\"@id\":\"https:\/\/mielenzuola.it\/izdelek\/posteljnina-luckin-objem\/\",\"url\":\"https:\/\/mielenzuola.it\/izdelek\/posteljnina-luckin-objem\/\",\"name\":\"Posteljnina Lu\u010dkin objem | 100% Bomba\u017e Renforce | Mielenzuola.it\",\"isPartOf\":{\"@id\":\"https:\/\/mielenzuola.it\/#website\"},\"primaryImageOfPage\":{\"@id\":\"https:\/\/mielenzuola.it\/izdelek\/posteljnina-luckin-objem\/#primaryimage\"},\"image\":{\"@id\":\"https:\/\/mielenzuola.it\/izdelek\/posteljnina-luckin-objem\/#primaryimage\"},\"thumbnailUrl\":\"https:\/\/mielenzuola.it\/wp-content\/uploads\/posteljnina-luckin-objem.jpg\",\"datePublished\":\"2024-08-28T09:57:54+00:00\",\"dateModified\":\"2025-11-14T13:49:32+00:00\",\"description\":\"Visokokakovostna Posteljnina Lu\u010dkin objem izdelana iz naravnega 100% bomba\u017ea renforce vam ponuja vrhunsko udobje po najugodnej\u0161i ceni. Zagotovite si svojo!\",\"breadcrumb\":{\"@id\":\"https:\/\/mielenzuola.it\/izdelek\/posteljnina-luckin-objem\/#breadcrumb\"},\"inLanguage\":\"it-IT\",\"potentialAction\":[{\"@type\":\"ReadAction\",\"target\":[\"https:\/\/mielenzuola.it\/izdelek\/posteljnina-luckin-objem\/\"]}]},{\"@type\":\"ImageObject\",\"inLanguage\":\"it-IT\",\"@id\":\"https:\/\/mielenzuola.it\/izdelek\/posteljnina-luckin-objem\/#primaryimage\",\"url\":\"https:\/\/mielenzuola.it\/wp-content\/uploads\/posteljnina-luckin-objem.jpg\",\"contentUrl\":\"https:\/\/mielenzuola.it\/wp-content\/uploads\/posteljnina-luckin-objem.jpg\",\"width\":800,\"height\":800,\"caption\":\"Posteljnina Lu\u010dkin objem\"},{\"@type\":\"BreadcrumbList\",\"@id\":\"https:\/\/mielenzuola.it\/izdelek\/posteljnina-luckin-objem\/#breadcrumb\",\"itemListElement\":[{\"@type\":\"ListItem\",\"position\":1,\"name\":\"Home\",\"item\":\"https:\/\/mielenzuola.it\/\"},{\"@type\":\"ListItem\",\"position\":2,\"name\":\"Trgovina\",\"item\":\"https:\/\/mielenzuola.it\/trgovina-pocenirjuhe\/\"},{\"@type\":\"ListItem\",\"position\":3,\"name\":\"Posteljnina Lu\u010dkin objem\"}]},{\"@type\":\"WebSite\",\"@id\":\"https:\/\/mielenzuola.it\/#website\",\"url\":\"https:\/\/mielenzuola.it\/\",\"name\":\"Pocenirjuhe.si\",\"description\":\"Dove il cotone \u00e8 di casa.\",\"publisher\":{\"@id\":\"https:\/\/mielenzuola.it\/#organization\"},\"potentialAction\":[{\"@type\":\"SearchAction\",\"target\":{\"@type\":\"EntryPoint\",\"urlTemplate\":\"https:\/\/mielenzuola.it\/?s={search_term_string}\"},\"query-input\":{\"@type\":\"PropertyValueSpecification\",\"valueRequired\":true,\"valueName\":\"search_term_string\"}}],\"inLanguage\":\"it-IT\"},{\"@type\":[\"Organization\",\"Place\"],\"@id\":\"https:\/\/mielenzuola.it\/#organization\",\"name\":\"Pocenirjuhe.si\",\"url\":\"https:\/\/mielenzuola.it\/\",\"logo\":{\"@id\":\"https:\/\/mielenzuola.it\/izdelek\/posteljnina-luckin-objem\/#local-main-organization-logo\"},\"image\":{\"@id\":\"https:\/\/mielenzuola.it\/izdelek\/posteljnina-luckin-objem\/#local-main-organization-logo\"},\"sameAs\":[\"https:\/\/www.facebook.com\/pocenirjuhe.si\",\"https:\/\/www.instagram.com\/pocenirjuhe.si\/\"],\"legalName\":\"REPLANT d.o.o.\",\"foundingDate\":\"2021-07-23\",\"hasMerchantReturnPolicy\":{\"@type\":\"MerchantReturnPolicy\",\"merchantReturnLink\":\"https:\/\/mielenzuola.it\/it\/termini-e-condizioni\/\"},\"address\":{\"@id\":\"https:\/\/mielenzuola.it\/izdelek\/posteljnina-luckin-objem\/#local-main-place-address\"},\"telephone\":[\"051 787 007\"],\"openingHoursSpecification\":[{\"@type\":\"OpeningHoursSpecification\",\"dayOfWeek\":[\"Monday\",\"Tuesday\",\"Wednesday\",\"Thursday\",\"Friday\"],\"opens\":\"08:00\",\"closes\":\"16:00\"},{\"@type\":\"OpeningHoursSpecification\",\"dayOfWeek\":[\"Saturday\",\"Sunday\"],\"opens\":\"00:00\",\"closes\":\"00:00\"}],\"email\":\"info@mielenzuola.it\",\"vatID\":\"SI66253012\"},{\"@type\":\"PostalAddress\",\"@id\":\"https:\/\/mielenzuola.it\/izdelek\/posteljnina-luckin-objem\/#local-main-place-address\",\"streetAddress\":\"Obrtni\u0161ka ulica 30\",\"addressLocality\":\"Koper\",\"postalCode\":\"6000\",\"addressCountry\":\"SI\"},{\"@type\":\"ImageObject\",\"inLanguage\":\"it-IT\",\"@id\":\"https:\/\/mielenzuola.it\/izdelek\/posteljnina-luckin-objem\/#local-main-organization-logo\",\"url\":\"https:\/\/mielenzuola.it\/wp-content\/uploads\/ikona-pocenirjuhe.jpg\",\"contentUrl\":\"https:\/\/mielenzuola.it\/wp-content\/uploads\/ikona-pocenirjuhe.jpg\",\"width\":225,\"height\":225,\"caption\":\"Pocenirjuhe.si\"}]}<\/script>\n<meta property=\"og:availability\" content=\"instock\" \/>\n<meta property=\"product:availability\" content=\"instock\" \/>\n<meta property=\"product:retailer_item_id\" content=\"PLO\" \/>\n<meta property=\"product:condition\" content=\"new\" \/>\n<meta name=\"geo.placename\" content=\"Koper\" \/>\n<meta name=\"geo.region\" content=\"Slovenia\" \/>\n<!-- \/ Yoast SEO Premium plugin. -->","yoast_head_json":{"title":"Biancheria da letto abbraccio di Lucy | 100% Cotone Renforce | Mielenzuola.it","description":"La biancheria da letto di alta qualit\u00e0 Lu\u010dkin embrace, realizzata in cotone naturale 100%, vi offre il massimo comfort al miglior prezzo. Prendete la vostra!","robots":{"index":"noindex","follow":"follow","max-snippet":"max-snippet:-1","max-image-preview":"max-image-preview:large","max-video-preview":"max-video-preview:-1"},"og_locale":"it_IT","og_type":"article","og_title":"Posteljnina Lu\u010dkin objem | 100% Bomba\u017e Renforce | Mielenzuola.it","og_description":"Visokokakovostna Posteljnina Lu\u010dkin objem izdelana iz 100% bomba\u017ea renforce vam ponuja vrhunsko udobje po najugodnej\u0161i ceni. Zagotovite si svojo!","og_url":"https:\/\/mielenzuola.it\/it\/prodotto\/parure-copripiumino-labbraccio-di-lucy\/","og_site_name":"Mielenzuola.it","article_publisher":"https:\/\/www.facebook.com\/pocenirjuhe.si","article_modified_time":"2025-11-14T13:49:32+00:00","og_image":[{"width":800,"height":800,"url":"https:\/\/mielenzuola.it\/wp-content\/uploads\/posteljnina-luckin-objem.jpg","type":"image\/jpeg"}],"twitter_card":"summary_large_image","twitter_title":"Posteljnina Lu\u010dkin objem | 100% Bomba\u017e Renforce | Mielenzuola.it","twitter_description":"Visokokakovostna Posteljnina Lu\u010dkin objem iz 100% bomba\u017ea renforce vam ponuja vrhunsko udobje po najugodnej\u0161i ceni. Zagotovite si svojo!","twitter_image":"https:\/\/mielenzuola.it\/wp-content\/uploads\/posteljnina-luckin-objem.jpg","twitter_misc":{"Disponibilit\u00e0":"In stock"},"schema":{"@context":"https:\/\/schema.org","@graph":[{"@type":"WebPage","@id":"https:\/\/mielenzuola.it\/izdelek\/posteljnina-luckin-objem\/","url":"https:\/\/mielenzuola.it\/izdelek\/posteljnina-luckin-objem\/","name":"Biancheria da letto abbraccio di Lucy | 100% Cotone Renforce | Mielenzuola.it","isPartOf":{"@id":"https:\/\/mielenzuola.it\/#website"},"primaryImageOfPage":{"@id":"https:\/\/mielenzuola.it\/izdelek\/posteljnina-luckin-objem\/#primaryimage"},"image":{"@id":"https:\/\/mielenzuola.it\/izdelek\/posteljnina-luckin-objem\/#primaryimage"},"thumbnailUrl":"https:\/\/mielenzuola.it\/wp-content\/uploads\/posteljnina-luckin-objem.jpg","datePublished":"2024-08-28T09:57:54+00:00","dateModified":"2025-11-14T13:49:32+00:00","description":"La biancheria da letto di alta qualit\u00e0 Lu\u010dkin embrace, realizzata in cotone naturale 100%, vi offre il massimo comfort al miglior prezzo. Prendete la vostra!","breadcrumb":{"@id":"https:\/\/mielenzuola.it\/izdelek\/posteljnina-luckin-objem\/#breadcrumb"},"inLanguage":"it-IT","potentialAction":[{"@type":"ReadAction","target":["https:\/\/mielenzuola.it\/izdelek\/posteljnina-luckin-objem\/"]}]},{"@type":"ImageObject","inLanguage":"it-IT","@id":"https:\/\/mielenzuola.it\/izdelek\/posteljnina-luckin-objem\/#primaryimage","url":"https:\/\/mielenzuola.it\/wp-content\/uploads\/posteljnina-luckin-objem.jpg","contentUrl":"https:\/\/mielenzuola.it\/wp-content\/uploads\/posteljnina-luckin-objem.jpg","width":800,"height":800,"caption":"Posteljnina Lu\u010dkin objem"},{"@type":"BreadcrumbList","@id":"https:\/\/mielenzuola.it\/izdelek\/posteljnina-luckin-objem\/#breadcrumb","itemListElement":[{"@type":"ListItem","position":1,"name":"Home","item":"https:\/\/mielenzuola.it\/"},{"@type":"ListItem","position":2,"name":"Trgovina","item":"https:\/\/mielenzuola.it\/trgovina-pocenirjuhe\/"},{"@type":"ListItem","position":3,"name":"Posteljnina Lu\u010dkin objem"}]},{"@type":"WebSite","@id":"https:\/\/mielenzuola.it\/#website","url":"https:\/\/mielenzuola.it\/","name":"Economicoirjuhe.si","description":"Dove il cotone \u00e8 di casa.","publisher":{"@id":"https:\/\/mielenzuola.it\/#organization"},"potentialAction":[{"@type":"SearchAction","target":{"@type":"EntryPoint","urlTemplate":"https:\/\/mielenzuola.it\/?s={search_term_string}"},"query-input":{"@type":"PropertyValueSpecification","valueRequired":true,"valueName":"search_term_string"}}],"inLanguage":"it-IT"},{"@type":["Organization","Place"],"@id":"https:\/\/mielenzuola.it\/#organization","name":"Economicoirjuhe.si","url":"https:\/\/mielenzuola.it\/","logo":{"@id":"https:\/\/mielenzuola.it\/izdelek\/posteljnina-luckin-objem\/#local-main-organization-logo"},"image":{"@id":"https:\/\/mielenzuola.it\/izdelek\/posteljnina-luckin-objem\/#local-main-organization-logo"},"sameAs":["https:\/\/www.facebook.com\/pocenirjuhe.si","https:\/\/www.instagram.com\/pocenirjuhe.si\/"],"legalName":"REPLANT d.o.o.","foundingDate":"2021-07-23","hasMerchantReturnPolicy":{"@type":"MerchantReturnPolicy","merchantReturnLink":"https:\/\/mielenzuola.it\/it\/termini-e-condizioni\/"},"address":{"@id":"https:\/\/mielenzuola.it\/izdelek\/posteljnina-luckin-objem\/#local-main-place-address"},"telephone":["051 787 007"],"openingHoursSpecification":[{"@type":"OpeningHoursSpecification","dayOfWeek":["Monday","Tuesday","Wednesday","Thursday","Friday"],"opens":"08:00","closes":"16:00"},{"@type":"OpeningHoursSpecification","dayOfWeek":["Saturday","Sunday"],"opens":"00:00","closes":"00:00"}],"email":"info@mielenzuola.it","vatID":"SI66253012"},{"@type":"PostalAddress","@id":"https:\/\/mielenzuola.it\/izdelek\/posteljnina-luckin-objem\/#local-main-place-address","streetAddress":"Obrtni\u0161ka ulica 30","addressLocality":"Koper","postalCode":"6000","addressCountry":"SI"},{"@type":"ImageObject","inLanguage":"it-IT","@id":"https:\/\/mielenzuola.it\/izdelek\/posteljnina-luckin-objem\/#local-main-organization-logo","url":"https:\/\/mielenzuola.it\/wp-content\/uploads\/ikona-pocenirjuhe.jpg","contentUrl":"https:\/\/mielenzuola.it\/wp-content\/uploads\/ikona-pocenirjuhe.jpg","width":225,"height":225,"caption":"Pocenirjuhe.si"}]},"og_availability":"instock","product_availability":"instock","product_retailer_item_id":"PLO","product_condition":"new","geo.placename":"Koper","geo.region":"Slovenia"},"_links":{"self":[{"href":"https:\/\/mielenzuola.it\/it\/wp-json\/wp\/v2\/product\/14721","targetHints":{"allow":["GET"]}}],"collection":[{"href":"https:\/\/mielenzuola.it\/it\/wp-json\/wp\/v2\/product"}],"about":[{"href":"https:\/\/mielenzuola.it\/it\/wp-json\/wp\/v2\/types\/product"}],"wp:featuredmedia":[{"embeddable":true,"href":"https:\/\/mielenzuola.it\/it\/wp-json\/wp\/v2\/media\/15058"}],"wp:attachment":[{"href":"https:\/\/mielenzuola.it\/it\/wp-json\/wp\/v2\/media?parent=14721"}],"wp:term":[{"taxonomy":"product_brand","embeddable":true,"href":"https:\/\/mielenzuola.it\/it\/wp-json\/wp\/v2\/product_brand?post=14721"},{"taxonomy":"product_cat","embeddable":true,"href":"https:\/\/mielenzuola.it\/it\/wp-json\/wp\/v2\/product_cat?post=14721"},{"taxonomy":"product_tag","embeddable":true,"href":"https:\/\/mielenzuola.it\/it\/wp-json\/wp\/v2\/product_tag?post=14721"}],"curies":[{"name":"wp","href":"https:\/\/api.w.org\/{rel}","templated":true}]}}