{"id":4264,"date":"2022-01-20T11:08:23","date_gmt":"2022-01-20T11:08:23","guid":{"rendered":"https:\/\/mielenzuola.it\/?post_type=product&#038;p=4264"},"modified":"2025-10-11T15:36:36","modified_gmt":"2025-10-11T15:36:36","slug":"parure-copripiumino-tinta-unita-rosso","status":"publish","type":"product","link":"https:\/\/mielenzuola.it\/it\/prodotto\/parure-copripiumino-tinta-unita-rosso\/","title":{"rendered":"Biancheria da letto monocromatica - Rosso"},"content":{"rendered":"<h2>Biancheria da letto monocromatica - Rosso<\/h2>\n<p>Di alta qualit\u00e0, morbido come un sogno <strong>Biancheria da letto monocromatica - Rosso<\/strong> bo v va\u0161o spalnico vnesla strast in toplino.<\/p>\n<p>Rde\u010da posteljnina je izdelana iz <strong>100% jersey di cotone naturale<\/strong>, noto per la sua elasticit\u00e0, traspirabilit\u00e0 ed eccezionale morbidezza. Il tessuto utilizzato ha <strong data-start=\"723\" data-end=\"760\">Certificazione OEKO-TEX Standard 100<\/strong>, il che significa che \u00e8 testato per le sostanze nocive ed \u00e8 sicuro per il contatto con la pelle, anche per gli utenti pi\u00f9 sensibili.<\/p>\n<p>La biancheria da letto in cotone lavorata a maglia \u00e8 <strong>traspirante e traspirante<\/strong>, e quindi impedisce un'ulteriore sudorazione durante il sonno. L'umidit\u00e0 assorbita viene rapidamente allontanata dal corpo e trasferita nell'ambiente, creando un clima confortevole e fresco per un buon sonno. Questo set di lenzuola \u00e8 adatto per <strong>per qualsiasi periodo dell'anno<\/strong>. La sensazione al tatto \u00e8 fresca in estate e piacevolmente calda in inverno.<\/p>\n<p>La qualit\u00e0 del filo e il processo di produzione assicurano <strong>flessibile e resistente<\/strong> tessuto. La biancheria da letto non ha bisogno di essere stirata perch\u00e9 non si stropiccia se asciugata correttamente.<\/p>\n<p>La biancheria da letto in cotone \u00e8 la prima scelta per chi vuole aumentare il comfort della propria camera da letto e fare il primo passo verso un sonno profondo e riposante.<\/p>\n<h3>Dimensioni disponibili<\/h3>\n<p>Nel set di biancheria da letto monocromatico \u00e8 possibile scegliere tra <strong>sei dimensioni del copripiumino<\/strong> e <strong>due misure di federa<\/strong>.<\/p>\n<p>Dimensioni del copripiumino disponibili:<\/p>\n<ul>\n<li>140\u00d7200 cm<\/li>\n<li>140\u00d7220 cm<\/li>\n<li>200\u00d7200 cm<\/li>\n<li>200\u00d7220 cm<\/li>\n<li>240\u00d7220 cm<\/li>\n<li>260\u00d7200 cm<\/li>\n<\/ul>\n<p>Dimensioni della federa disponibili:<\/p>\n<ul>\n<li>50\u00d770 cm<\/li>\n<li>60\u00d780 cm<\/li>\n<\/ul>\n<p>Con un copripiumino di 140\u00d7200 cm o 140\u00d7220 cm, riceverete una federa della misura scelta. Con un copripiumino di 200\u00d7200 cm, 200\u00d7220 cm, 240\u00d7220 cm o 260\u00d7200 cm, riceverete due copripiumini della misura del cuscino scelta.<\/p>\n<hr \/>\n<p>Individuale <a href=\"https:\/\/mielenzuola.it\/it\/prodotto\/federa-rosso\/\">rde\u010de prevleke za vzglavnik<\/a> e <a href=\"https:\/\/mielenzuola.it\/it\/prodotto\/copripiumino-rosso\/\">rde\u010de prevleke za odejo<\/a>, per completare o personalizzare il vostro kit.<\/p>\n<p>Maglia di cotone monocromatica <a href=\"https:\/\/mielenzuola.it\/it\/categoria-prodotto\/camera-da-letto\/parure-copripiumino\/\">biancheria da letto<\/a> \u00e8 disponibile anche in molti altri colori vivaci: <a href=\"https:\/\/mielenzuola.it\/it\/prodotto\/parure-copripiumino-tinta-unita-bianco\/\">bianco<\/a>, <a href=\"https:\/\/mielenzuola.it\/it\/prodotto\/parure-copripiumino-tinta-unita-azzurro\/\">azzurro<\/a>, <a href=\"https:\/\/mielenzuola.it\/it\/prodotto\/parure-copripiumino-tinta-unita-grigia\/\">grigio<\/a>, <a href=\"https:\/\/mielenzuola.it\/it\/prodotto\/parure-copripiumino-tinta-unita-beige\/\">corsa<\/a>, <a href=\"https:\/\/mielenzuola.it\/it\/prodotto\/parure-copripiumino-tinta-unita-viola\/\">viola<\/a>, <a href=\"https:\/\/mielenzuola.it\/it\/prodotto\/parure-copripiumino-tinta-unita-giallo\/\">Giallo<\/a>, <a href=\"https:\/\/mielenzuola.it\/it\/prodotto\/parure-copripiumino-tinta-unita-verde-chiaro\/\">verde chiaro<\/a>, <a href=\"https:\/\/mielenzuola.it\/it\/prodotto\/parure-copripiumino-tinta-unita-arancione\/\">arancione<\/a>, <a href=\"https:\/\/mielenzuola.it\/it\/prodotto\/parure-copripiumino-tinta-unita-cappucino\/\">cappuccino<\/a>, <a href=\"https:\/\/mielenzuola.it\/it\/prodotto\/parure-copripiumino-tinta-unita-blu\/\">Blu<\/a>, <a href=\"https:\/\/mielenzuola.it\/it\/prodotto\/parure-copripiumino-tinta-unita-rosa\/\">rosa<\/a>, <a href=\"https:\/\/mielenzuola.it\/it\/prodotto\/parure-copripiumino-tinta-unita-nero\/\">Nero<\/a> e <a href=\"https:\/\/mielenzuola.it\/it\/prodotto\/parure-copripiumino-tinta-unita-grigio-chiaro\/\">grigio chiaro<\/a>.<\/p>\n<p>\ud83d\udc49 Esplorate l'offerta completa nel nostro sito web <a href=\"https:\/\/mielenzuola.it\/it\/\">negozio online Pocenirjuhe.si<\/a> e creare <a href=\"https:\/\/mielenzuola.it\/it\/categoria-prodotto\/camera-da-letto\/\">camera da letto<\/a> a seconda dei gusti.<\/p>","protected":false},"excerpt":{"rendered":"<p><img loading=\"lazy\" decoding=\"async\" src=\"https:\/\/mielenzuola.it\/wp-content\/uploads\/check-1-400x400.png\" alt=\"\" width=\"20\" height=\"20\" \/> Cotone 100%<br \/>\n<img loading=\"lazy\" decoding=\"async\" src=\"https:\/\/mielenzuola.it\/wp-content\/uploads\/check-1-400x400.png\" alt=\"\" width=\"20\" height=\"20\" \/> Realizzato in materiale certificato OEKO-TEX Standard 100<br \/>\n<img loading=\"lazy\" decoding=\"async\" src=\"https:\/\/mielenzuola.it\/wp-content\/uploads\/check-1-400x400.png\" alt=\"\" width=\"20\" height=\"20\" \/> Peso 150 g\/m<sup>2<\/sup><br \/>\n<img loading=\"lazy\" decoding=\"async\" src=\"https:\/\/mielenzuola.it\/wp-content\/uploads\/check-1-400x400.png\" alt=\"\" width=\"20\" height=\"20\" \/> Estremamente traspirante e morbido al tatto<br \/>\n<img loading=\"lazy\" decoding=\"async\" src=\"https:\/\/mielenzuola.it\/wp-content\/uploads\/check-1-400x400.png\" alt=\"\" width=\"20\" height=\"20\" \/> Chiusura a zip<br \/>\n<img loading=\"lazy\" decoding=\"async\" src=\"https:\/\/mielenzuola.it\/wp-content\/uploads\/check-1-400x400.png\" alt=\"\" width=\"20\" height=\"20\" \/> Prodotto in Europa<\/p>\n<hr \/>\n<p><strong>Include:<\/strong><br \/>\n1\u00d7 copripiumino 140\u00d7200 o 140\u00d7220 cm + 1\u00d7 federa<br \/>\no<br \/>\n1\u00d7 copripiumino 200\u00d7200, 200\u00d7220, 240\u00d7220 o 260\u00d7200 cm + 2\u00d7 federa<\/p>","protected":false},"featured_media":6297,"template":"","meta":[],"product_brand":[697],"product_cat":[15,72],"product_tag":[284,359,360,361,429,644,646,281,282,283],"class_list":{"0":"post-4264","1":"product","2":"type-product","3":"status-publish","4":"has-post-thumbnail","6":"product_brand-pocenirjuhe","7":"product_cat-spalnica","8":"product_cat-posteljnina","9":"product_tag-kvalitetna-posteljnina","10":"product_tag-posteljnina-140x220-cm","11":"product_tag-posteljnina-200x220-cm","12":"product_tag-posteljnina-240x220-cm","13":"product_tag-posteljnine-poceni-rjuhe","14":"product_tag-bombazna-posteljnina","15":"product_tag-posteljnina-za-enojno-posteljo","16":"product_tag-posteljnina-140x200-cm","17":"product_tag-posteljnina-200x200-cm","18":"product_tag-posteljnina-260x200-cm","19":"pa_barva-rdeca","20":"pa_barva-2-rdeca","21":"pa_dim-prevleka-odeja-140x200-cm","22":"pa_dim-prevleka-odeja-140x220-cm","23":"pa_dim-prevleka-odeja-200x200-cm","24":"pa_dim-prevleka-odeja-200x220-cm","25":"pa_dim-prevleka-odeja-240x220-cm","26":"pa_dim-prevleka-odeja-260x200-cm","27":"pa_dim-prevleka-vzglavnik-50x70-cm","28":"pa_dim-prevleka-vzglavnik-60x80-cm","30":"first","31":"instock","32":"sale","33":"shipping-taxable","34":"purchasable","35":"product-type-variable"},"yoast_head":"<!-- This site is optimized with the Yoast SEO Premium plugin v25.3.1 (Yoast SEO v26.4) - https:\/\/yoast.com\/wordpress\/plugins\/seo\/ -->\n<title>Enobarvna posteljnina - Rde\u010da | 100% Bomba\u017e | Mielenzuola.it<\/title>\n<meta name=\"description\" content=\"Visokokakovostna, mehka Enobarvna Rde\u010da Posteljnina izdelana iz naravnega 100% bomba\u017ea vam ponuja izjemno udobje po najugodnej\u0161i ceni. Zagotovite si svojo!\" \/>\n<meta name=\"robots\" content=\"noindex, follow, max-snippet:-1, max-image-preview:large, max-video-preview:-1\" \/>\n<meta property=\"og:locale\" content=\"it_IT\" \/>\n<meta property=\"og:type\" content=\"article\" \/>\n<meta property=\"og:title\" content=\"Enobarvna posteljnina - Rde\u010da | 100% Bomba\u017e | Mielenzuola.it\" \/>\n<meta property=\"og:description\" content=\"Visokokakovostna, mehka Enobarvna Rde\u010da Posteljnina izdelana iz 100% bomba\u017ea vam ponuja izjemno udobje po najugodnej\u0161i ceni. Zagotovite si svojo!\" \/>\n<meta property=\"og:url\" content=\"https:\/\/mielenzuola.it\/it\/prodotto\/parure-copripiumino-tinta-unita-rosso\/\" \/>\n<meta property=\"og:site_name\" content=\"Mielenzuola.it\" \/>\n<meta property=\"article:publisher\" content=\"https:\/\/www.facebook.com\/pocenirjuhe.si\" \/>\n<meta property=\"article:modified_time\" content=\"2025-10-11T15:36:36+00:00\" \/>\n<meta property=\"og:image\" content=\"https:\/\/mielenzuola.it\/wp-content\/uploads\/enobarvna-posteljnina-rdeca.jpg\" \/>\n\t<meta property=\"og:image:width\" content=\"800\" \/>\n\t<meta property=\"og:image:height\" content=\"800\" \/>\n\t<meta property=\"og:image:type\" content=\"image\/jpeg\" \/>\n<meta name=\"twitter:card\" content=\"summary_large_image\" \/>\n<meta name=\"twitter:title\" content=\"Enobarvna posteljnina - Rde\u010da | 100% Bomba\u017e | Mielenzuola.it\" \/>\n<meta name=\"twitter:description\" content=\"Kakovostna, mehka Enobarvna Rde\u010da Posteljnina iz 100% bomba\u017ea vam ponuja izjemno udobje po najugodnej\u0161i ceni. Zagotovite si svojo!\" \/>\n<meta name=\"twitter:image\" content=\"https:\/\/mielenzuola.it\/wp-content\/uploads\/enobarvna-posteljnina-rdeca.jpg\" \/>\n<meta name=\"twitter:label1\" content=\"Disponibilit\u00e0\" \/>\n\t<meta name=\"twitter:data1\" content=\"In stock\" \/>\n<script type=\"application\/ld+json\" class=\"yoast-schema-graph\">{\"@context\":\"https:\/\/schema.org\",\"@graph\":[{\"@type\":\"WebPage\",\"@id\":\"https:\/\/mielenzuola.it\/izdelek\/enobarvna-posteljnina-rdeca\/\",\"url\":\"https:\/\/mielenzuola.it\/izdelek\/enobarvna-posteljnina-rdeca\/\",\"name\":\"Enobarvna posteljnina - Rde\u010da | 100% Bomba\u017e | Mielenzuola.it\",\"isPartOf\":{\"@id\":\"https:\/\/mielenzuola.it\/#website\"},\"primaryImageOfPage\":{\"@id\":\"https:\/\/mielenzuola.it\/izdelek\/enobarvna-posteljnina-rdeca\/#primaryimage\"},\"image\":{\"@id\":\"https:\/\/mielenzuola.it\/izdelek\/enobarvna-posteljnina-rdeca\/#primaryimage\"},\"thumbnailUrl\":\"https:\/\/mielenzuola.it\/wp-content\/uploads\/enobarvna-posteljnina-rdeca.jpg\",\"datePublished\":\"2022-01-20T11:08:23+00:00\",\"dateModified\":\"2025-10-11T15:36:36+00:00\",\"description\":\"Visokokakovostna, mehka Enobarvna Rde\u010da Posteljnina izdelana iz naravnega 100% bomba\u017ea vam ponuja izjemno udobje po najugodnej\u0161i ceni. Zagotovite si svojo!\",\"breadcrumb\":{\"@id\":\"https:\/\/mielenzuola.it\/izdelek\/enobarvna-posteljnina-rdeca\/#breadcrumb\"},\"inLanguage\":\"it-IT\",\"potentialAction\":[{\"@type\":\"ReadAction\",\"target\":[\"https:\/\/mielenzuola.it\/izdelek\/enobarvna-posteljnina-rdeca\/\"]}]},{\"@type\":\"ImageObject\",\"inLanguage\":\"it-IT\",\"@id\":\"https:\/\/mielenzuola.it\/izdelek\/enobarvna-posteljnina-rdeca\/#primaryimage\",\"url\":\"https:\/\/mielenzuola.it\/wp-content\/uploads\/enobarvna-posteljnina-rdeca.jpg\",\"contentUrl\":\"https:\/\/mielenzuola.it\/wp-content\/uploads\/enobarvna-posteljnina-rdeca.jpg\",\"width\":800,\"height\":800,\"caption\":\"Enobarvna posteljnina rde\u010da\"},{\"@type\":\"BreadcrumbList\",\"@id\":\"https:\/\/mielenzuola.it\/izdelek\/enobarvna-posteljnina-rdeca\/#breadcrumb\",\"itemListElement\":[{\"@type\":\"ListItem\",\"position\":1,\"name\":\"Home\",\"item\":\"https:\/\/mielenzuola.it\/\"},{\"@type\":\"ListItem\",\"position\":2,\"name\":\"Trgovina\",\"item\":\"https:\/\/mielenzuola.it\/trgovina-pocenirjuhe\/\"},{\"@type\":\"ListItem\",\"position\":3,\"name\":\"Enobarvna posteljnina &#8211; Rde\u010da\"}]},{\"@type\":\"WebSite\",\"@id\":\"https:\/\/mielenzuola.it\/#website\",\"url\":\"https:\/\/mielenzuola.it\/\",\"name\":\"Pocenirjuhe.si\",\"description\":\"Dove il cotone \u00e8 di casa.\",\"publisher\":{\"@id\":\"https:\/\/mielenzuola.it\/#organization\"},\"potentialAction\":[{\"@type\":\"SearchAction\",\"target\":{\"@type\":\"EntryPoint\",\"urlTemplate\":\"https:\/\/mielenzuola.it\/?s={search_term_string}\"},\"query-input\":{\"@type\":\"PropertyValueSpecification\",\"valueRequired\":true,\"valueName\":\"search_term_string\"}}],\"inLanguage\":\"it-IT\"},{\"@type\":[\"Organization\",\"Place\"],\"@id\":\"https:\/\/mielenzuola.it\/#organization\",\"name\":\"Pocenirjuhe.si\",\"url\":\"https:\/\/mielenzuola.it\/\",\"logo\":{\"@id\":\"https:\/\/mielenzuola.it\/izdelek\/enobarvna-posteljnina-rdeca\/#local-main-organization-logo\"},\"image\":{\"@id\":\"https:\/\/mielenzuola.it\/izdelek\/enobarvna-posteljnina-rdeca\/#local-main-organization-logo\"},\"sameAs\":[\"https:\/\/www.facebook.com\/pocenirjuhe.si\",\"https:\/\/www.instagram.com\/pocenirjuhe.si\/\"],\"legalName\":\"REPLANT d.o.o.\",\"foundingDate\":\"2021-07-23\",\"hasMerchantReturnPolicy\":{\"@type\":\"MerchantReturnPolicy\",\"merchantReturnLink\":\"https:\/\/mielenzuola.it\/it\/termini-e-condizioni\/\"},\"address\":{\"@id\":\"https:\/\/mielenzuola.it\/izdelek\/enobarvna-posteljnina-rdeca\/#local-main-place-address\"},\"telephone\":[\"051 787 007\"],\"openingHoursSpecification\":[{\"@type\":\"OpeningHoursSpecification\",\"dayOfWeek\":[\"Monday\",\"Tuesday\",\"Wednesday\",\"Thursday\",\"Friday\"],\"opens\":\"08:00\",\"closes\":\"16:00\"},{\"@type\":\"OpeningHoursSpecification\",\"dayOfWeek\":[\"Saturday\",\"Sunday\"],\"opens\":\"00:00\",\"closes\":\"00:00\"}],\"email\":\"info@mielenzuola.it\",\"vatID\":\"SI66253012\"},{\"@type\":\"PostalAddress\",\"@id\":\"https:\/\/mielenzuola.it\/izdelek\/enobarvna-posteljnina-rdeca\/#local-main-place-address\",\"streetAddress\":\"Obrtni\u0161ka ulica 30\",\"addressLocality\":\"Koper\",\"postalCode\":\"6000\",\"addressCountry\":\"SI\"},{\"@type\":\"ImageObject\",\"inLanguage\":\"it-IT\",\"@id\":\"https:\/\/mielenzuola.it\/izdelek\/enobarvna-posteljnina-rdeca\/#local-main-organization-logo\",\"url\":\"https:\/\/mielenzuola.it\/wp-content\/uploads\/ikona-pocenirjuhe.jpg\",\"contentUrl\":\"https:\/\/mielenzuola.it\/wp-content\/uploads\/ikona-pocenirjuhe.jpg\",\"width\":225,\"height\":225,\"caption\":\"Pocenirjuhe.si\"}]}<\/script>\n<meta property=\"og:availability\" content=\"instock\" \/>\n<meta property=\"product:availability\" content=\"instock\" \/>\n<meta property=\"product:retailer_item_id\" content=\"EPRD\" \/>\n<meta property=\"product:condition\" content=\"new\" \/>\n<meta name=\"geo.placename\" content=\"Koper\" \/>\n<meta name=\"geo.region\" content=\"Slovenia\" \/>\n<!-- \/ Yoast SEO Premium plugin. -->","yoast_head_json":{"title":"Enobarvna posteljnina - Rde\u010da | 100% Bomba\u017e | Mielenzuola.it","description":"Visokokakovostna, mehka Enobarvna Rde\u010da Posteljnina izdelana iz naravnega 100% bomba\u017ea vam ponuja izjemno udobje po najugodnej\u0161i ceni. Zagotovite si svojo!","robots":{"index":"noindex","follow":"follow","max-snippet":"max-snippet:-1","max-image-preview":"max-image-preview:large","max-video-preview":"max-video-preview:-1"},"og_locale":"it_IT","og_type":"article","og_title":"Enobarvna posteljnina - Rde\u010da | 100% Bomba\u017e | Mielenzuola.it","og_description":"Visokokakovostna, mehka Enobarvna Rde\u010da Posteljnina izdelana iz 100% bomba\u017ea vam ponuja izjemno udobje po najugodnej\u0161i ceni. Zagotovite si svojo!","og_url":"https:\/\/mielenzuola.it\/it\/prodotto\/parure-copripiumino-tinta-unita-rosso\/","og_site_name":"Mielenzuola.it","article_publisher":"https:\/\/www.facebook.com\/pocenirjuhe.si","article_modified_time":"2025-10-11T15:36:36+00:00","og_image":[{"width":800,"height":800,"url":"https:\/\/mielenzuola.it\/wp-content\/uploads\/enobarvna-posteljnina-rdeca.jpg","type":"image\/jpeg"}],"twitter_card":"summary_large_image","twitter_title":"Enobarvna posteljnina - Rde\u010da | 100% Bomba\u017e | Mielenzuola.it","twitter_description":"Kakovostna, mehka Enobarvna Rde\u010da Posteljnina iz 100% bomba\u017ea vam ponuja izjemno udobje po najugodnej\u0161i ceni. Zagotovite si svojo!","twitter_image":"https:\/\/mielenzuola.it\/wp-content\/uploads\/enobarvna-posteljnina-rdeca.jpg","twitter_misc":{"Disponibilit\u00e0":"In stock"},"schema":{"@context":"https:\/\/schema.org","@graph":[{"@type":"WebPage","@id":"https:\/\/mielenzuola.it\/izdelek\/enobarvna-posteljnina-rdeca\/","url":"https:\/\/mielenzuola.it\/izdelek\/enobarvna-posteljnina-rdeca\/","name":"Enobarvna posteljnina - Rde\u010da | 100% Bomba\u017e | Mielenzuola.it","isPartOf":{"@id":"https:\/\/mielenzuola.it\/#website"},"primaryImageOfPage":{"@id":"https:\/\/mielenzuola.it\/izdelek\/enobarvna-posteljnina-rdeca\/#primaryimage"},"image":{"@id":"https:\/\/mielenzuola.it\/izdelek\/enobarvna-posteljnina-rdeca\/#primaryimage"},"thumbnailUrl":"https:\/\/mielenzuola.it\/wp-content\/uploads\/enobarvna-posteljnina-rdeca.jpg","datePublished":"2022-01-20T11:08:23+00:00","dateModified":"2025-10-11T15:36:36+00:00","description":"Visokokakovostna, mehka Enobarvna Rde\u010da Posteljnina izdelana iz naravnega 100% bomba\u017ea vam ponuja izjemno udobje po najugodnej\u0161i ceni. Zagotovite si svojo!","breadcrumb":{"@id":"https:\/\/mielenzuola.it\/izdelek\/enobarvna-posteljnina-rdeca\/#breadcrumb"},"inLanguage":"it-IT","potentialAction":[{"@type":"ReadAction","target":["https:\/\/mielenzuola.it\/izdelek\/enobarvna-posteljnina-rdeca\/"]}]},{"@type":"ImageObject","inLanguage":"it-IT","@id":"https:\/\/mielenzuola.it\/izdelek\/enobarvna-posteljnina-rdeca\/#primaryimage","url":"https:\/\/mielenzuola.it\/wp-content\/uploads\/enobarvna-posteljnina-rdeca.jpg","contentUrl":"https:\/\/mielenzuola.it\/wp-content\/uploads\/enobarvna-posteljnina-rdeca.jpg","width":800,"height":800,"caption":"Enobarvna posteljnina rde\u010da"},{"@type":"BreadcrumbList","@id":"https:\/\/mielenzuola.it\/izdelek\/enobarvna-posteljnina-rdeca\/#breadcrumb","itemListElement":[{"@type":"ListItem","position":1,"name":"Home","item":"https:\/\/mielenzuola.it\/"},{"@type":"ListItem","position":2,"name":"Trgovina","item":"https:\/\/mielenzuola.it\/trgovina-pocenirjuhe\/"},{"@type":"ListItem","position":3,"name":"Enobarvna posteljnina &#8211; Rde\u010da"}]},{"@type":"WebSite","@id":"https:\/\/mielenzuola.it\/#website","url":"https:\/\/mielenzuola.it\/","name":"Economicoirjuhe.si","description":"Dove il cotone \u00e8 di casa.","publisher":{"@id":"https:\/\/mielenzuola.it\/#organization"},"potentialAction":[{"@type":"SearchAction","target":{"@type":"EntryPoint","urlTemplate":"https:\/\/mielenzuola.it\/?s={search_term_string}"},"query-input":{"@type":"PropertyValueSpecification","valueRequired":true,"valueName":"search_term_string"}}],"inLanguage":"it-IT"},{"@type":["Organization","Place"],"@id":"https:\/\/mielenzuola.it\/#organization","name":"Economicoirjuhe.si","url":"https:\/\/mielenzuola.it\/","logo":{"@id":"https:\/\/mielenzuola.it\/izdelek\/enobarvna-posteljnina-rdeca\/#local-main-organization-logo"},"image":{"@id":"https:\/\/mielenzuola.it\/izdelek\/enobarvna-posteljnina-rdeca\/#local-main-organization-logo"},"sameAs":["https:\/\/www.facebook.com\/pocenirjuhe.si","https:\/\/www.instagram.com\/pocenirjuhe.si\/"],"legalName":"REPLANT d.o.o.","foundingDate":"2021-07-23","hasMerchantReturnPolicy":{"@type":"MerchantReturnPolicy","merchantReturnLink":"https:\/\/mielenzuola.it\/it\/termini-e-condizioni\/"},"address":{"@id":"https:\/\/mielenzuola.it\/izdelek\/enobarvna-posteljnina-rdeca\/#local-main-place-address"},"telephone":["051 787 007"],"openingHoursSpecification":[{"@type":"OpeningHoursSpecification","dayOfWeek":["Monday","Tuesday","Wednesday","Thursday","Friday"],"opens":"08:00","closes":"16:00"},{"@type":"OpeningHoursSpecification","dayOfWeek":["Saturday","Sunday"],"opens":"00:00","closes":"00:00"}],"email":"info@mielenzuola.it","vatID":"SI66253012"},{"@type":"PostalAddress","@id":"https:\/\/mielenzuola.it\/izdelek\/enobarvna-posteljnina-rdeca\/#local-main-place-address","streetAddress":"Obrtni\u0161ka ulica 30","addressLocality":"Koper","postalCode":"6000","addressCountry":"SI"},{"@type":"ImageObject","inLanguage":"it-IT","@id":"https:\/\/mielenzuola.it\/izdelek\/enobarvna-posteljnina-rdeca\/#local-main-organization-logo","url":"https:\/\/mielenzuola.it\/wp-content\/uploads\/ikona-pocenirjuhe.jpg","contentUrl":"https:\/\/mielenzuola.it\/wp-content\/uploads\/ikona-pocenirjuhe.jpg","width":225,"height":225,"caption":"Pocenirjuhe.si"}]},"og_availability":"instock","product_availability":"instock","product_retailer_item_id":"EPRD","product_condition":"new","geo.placename":"Koper","geo.region":"Slovenia"},"_links":{"self":[{"href":"https:\/\/mielenzuola.it\/it\/wp-json\/wp\/v2\/product\/4264","targetHints":{"allow":["GET"]}}],"collection":[{"href":"https:\/\/mielenzuola.it\/it\/wp-json\/wp\/v2\/product"}],"about":[{"href":"https:\/\/mielenzuola.it\/it\/wp-json\/wp\/v2\/types\/product"}],"wp:featuredmedia":[{"embeddable":true,"href":"https:\/\/mielenzuola.it\/it\/wp-json\/wp\/v2\/media\/6297"}],"wp:attachment":[{"href":"https:\/\/mielenzuola.it\/it\/wp-json\/wp\/v2\/media?parent=4264"}],"wp:term":[{"taxonomy":"product_brand","embeddable":true,"href":"https:\/\/mielenzuola.it\/it\/wp-json\/wp\/v2\/product_brand?post=4264"},{"taxonomy":"product_cat","embeddable":true,"href":"https:\/\/mielenzuola.it\/it\/wp-json\/wp\/v2\/product_cat?post=4264"},{"taxonomy":"product_tag","embeddable":true,"href":"https:\/\/mielenzuola.it\/it\/wp-json\/wp\/v2\/product_tag?post=4264"}],"curies":[{"name":"wp","href":"https:\/\/api.w.org\/{rel}","templated":true}]}}