{"id":4388,"date":"2022-01-20T13:55:53","date_gmt":"2022-01-20T13:55:53","guid":{"rendered":"https:\/\/mielenzuola.it\/?post_type=product&#038;p=4388"},"modified":"2025-10-24T06:50:41","modified_gmt":"2025-10-24T06:50:41","slug":"copripiumino-per-bambini-giallo","status":"publish","type":"product","link":"https:\/\/mielenzuola.it\/it\/prodotto\/copripiumino-per-bambini-giallo\/","title":{"rendered":"Copripiumino per bambini - Giallo"},"content":{"rendered":"<h2>Copripiumino per bambini - Giallo<\/h2>\n<p><strong>Copripiumino per bambini - Giallo<\/strong> v otro\u0161ko sobico prina\u0161a son\u010dno toplino in ne\u017enost, ki pomirjata in razveseljujeta. Prijetno mehka tkanina dojen\u010dku vsak dan nudi udobje za spro\u0161\u010den po\u010ditek.<\/p>\n<p>Il copripiumino \u00e8 realizzato in <strong>in cotone naturale 100%<\/strong>, spletenega v jersey tehniki, ki je znana po <strong>izjemni mehkobi, elasti\u010dnosti in prijaznosti do ob\u010dutljive otro\u0161ke ko\u017ee<\/strong>. Il tessuto a maglia utilizzato ha\u00a0<strong>Certificazione OEKO-TEX Standard 100<\/strong>, kar pomeni, da je testirana na \u0161kodljive snovi in povsem varna tudi za dojen\u010dke.<\/p>\n<p data-start=\"899\" data-end=\"1107\">Bomba\u017ena pletenina <strong>respira bene<\/strong> e <strong>consente la circolazione dell'aria<\/strong>, zato u\u010dinkovito odvaja vlago stran od telesa. Tako prepre\u010duje pregrevanje in ohranja prijetno sve\u017eo spalno klimo<strong> in tutte le stagioni<\/strong> \u2013 poleti hladi, pozimi pa ne\u017eno greje.<\/p>\n<p data-start=\"1109\" data-end=\"1373\">Visoka kakovost materiala zagotavlja <strong>dolgo obstojnost, pro\u017enost<\/strong> e <strong>Manutenzione semplice<\/strong>. Prevleka se ob pravilnem su\u0161enju ne me\u010dka in je <strong>non \u00e8 necessario stirare<\/strong>. Prakti\u010dno <strong>chiusura a zip<\/strong> omogo\u010da hitro in preprosto uporabo.<\/p>\n<p>Disponibile in due dimensioni:<\/p>\n<ul>\n<li>120\u00d790 cm<\/li>\n<li>135\u00d7100 cm<\/li>\n<\/ul>\n<p>Z rumeno bomba\u017eno prevleko svojemu mal\u010dku vsak dan podarite spro\u0161\u010deno udobje in ne\u017eno mehkobo med po\u010ditkom.<\/p>\n<hr \/>\n<p>Scoprite altri splendidi colori <a href=\"https:\/\/mielenzuola.it\/it\/categoria-prodotto\/cameretta\/copripiumini-per-bambini\/\">copripiumini per bambini<\/a>: <a href=\"https:\/\/mielenzuola.it\/it\/prodotto\/copripiumino-per-bambini-rosa\/\">rosa<\/a> e <a href=\"https:\/\/mielenzuola.it\/it\/prodotto\/copripiumino-per-bambini-blu-cielo\/\">nebe\u0161ko modro<\/a>.<\/p>\n<p>Per un look perfettamente coordinato, potete scegliere <a href=\"https:\/\/mielenzuola.it\/it\/prodotto\/parure-copripiumino-neonati-tinta-unita-giallo\/\">komplet posteljnine v rumeni barvi<\/a>, ki poleg prevleke za odejo vklju\u010duje \u0161e ujemajo\u010do prevleko za vzglavnik. Na voljo so tudi posamezne <a href=\"https:\/\/mielenzuola.it\/it\/prodotto\/federa-per-bambini-giallo\/\">federe<\/a> iste barve.<\/p>\n<p>\ud83d\udc49 Esplorate l'offerta completa nel nostro sito web <a href=\"https:\/\/mielenzuola.it\/it\/\">negozio online Pocenirjuhe.si<\/a> e creare un ambiente affascinante e confortevole <a href=\"https:\/\/mielenzuola.it\/it\/categoria-prodotto\/cameretta\/\">camera dei bambini<\/a>\u00a0per il vostro piccolo.<\/p>","protected":false},"excerpt":{"rendered":"<p><img loading=\"lazy\" decoding=\"async\" src=\"https:\/\/mielenzuola.it\/wp-content\/uploads\/check-1-400x400.png\" alt=\"\" width=\"20\" height=\"20\" \/> Cotone 100%<br \/>\n<img loading=\"lazy\" decoding=\"async\" src=\"https:\/\/mielenzuola.it\/wp-content\/uploads\/check-1-400x400.png\" alt=\"\" width=\"20\" height=\"20\" \/> Realizzato in materiale certificato OEKO-TEX Standard 100<br \/>\n<img loading=\"lazy\" decoding=\"async\" src=\"https:\/\/mielenzuola.it\/wp-content\/uploads\/check-1-400x400.png\" alt=\"\" width=\"20\" height=\"20\" \/> Peso 150 g\/m<sup>2<\/sup><br \/>\n<img loading=\"lazy\" decoding=\"async\" src=\"https:\/\/mielenzuola.it\/wp-content\/uploads\/check-1-400x400.png\" alt=\"\" width=\"20\" height=\"20\" \/> Eccezionale morbidezza<br \/>\n<img loading=\"lazy\" decoding=\"async\" src=\"https:\/\/mielenzuola.it\/wp-content\/uploads\/check-1-400x400.png\" alt=\"\" width=\"20\" height=\"20\" \/> Chiusura a zip<br \/>\n<img loading=\"lazy\" decoding=\"async\" src=\"https:\/\/mielenzuola.it\/wp-content\/uploads\/check-1-400x400.png\" alt=\"\" width=\"20\" height=\"20\" \/> Prodotto in Europa<\/p>","protected":false},"featured_media":5656,"template":"","meta":[],"product_brand":[697],"product_cat":[68,81],"product_tag":[265,315,316,429,430,431,459,460],"class_list":{"0":"post-4388","1":"product","2":"type-product","3":"status-publish","4":"has-post-thumbnail","6":"product_brand-pocenirjuhe","7":"product_cat-otroska-soba","8":"product_cat-otroske-prevleke-za-odejo","9":"product_tag-posteljnina-za-dojencke","10":"product_tag-prevleka-za-odejo-120x90-cm","11":"product_tag-prevleka-za-odejo-135x100-cm","12":"product_tag-posteljnine-poceni-rjuhe","13":"product_tag-posteljnina-za-otrosko-posteljico","14":"product_tag-poceni-otroska-posteljnina","15":"product_tag-prevleka-za-presito-odejo","16":"product_tag-kapna","17":"pa_barva-rumena","18":"pa_barva-2-rumena","19":"pa_dim-prevleka-odeja-120x90-cm","20":"pa_dim-prevleka-odeja-135x100-cm","21":"pa_dimenzija-120x90","22":"pa_dimenzija-135x100","24":"first","25":"instock","26":"sale","27":"shipping-taxable","28":"purchasable","29":"product-type-variable"},"yoast_head":"<!-- This site is optimized with the Yoast SEO Premium plugin v25.3.1 (Yoast SEO v26.4) - https:\/\/yoast.com\/wordpress\/plugins\/seo\/ -->\n<title>Prevleka za otro\u0161ko odejo - Rumena | 100% Bomba\u017e | Mielenzuola.it<\/title>\n<meta name=\"description\" content=\"Rumena prevleka za otro\u0161ko odejo iz 100% naravnega bomba\u017ea zagotavlja prijetno udobje in spro\u0161\u010den spanec za najmlaj\u0161e. Zagotovite si svojo \u0161e danes!\" \/>\n<meta name=\"robots\" content=\"noindex, follow, max-snippet:-1, max-image-preview:large, max-video-preview:-1\" \/>\n<meta property=\"og:locale\" content=\"it_IT\" \/>\n<meta property=\"og:type\" content=\"article\" \/>\n<meta property=\"og:title\" content=\"Prevleka za otro\u0161ko odejo - Rumena | 100% Bomba\u017e | Mielenzuola.it\" \/>\n<meta property=\"og:description\" content=\"Rumena prevleka za otro\u0161ko odejo iz 100% naravnega bomba\u017ea zagotavlja prijetno udobje in spro\u0161\u010den spanec za najmlaj\u0161e. Zagotovite si svojo \u0161e danes!\" \/>\n<meta property=\"og:url\" content=\"https:\/\/mielenzuola.it\/it\/prodotto\/copripiumino-per-bambini-giallo\/\" \/>\n<meta property=\"og:site_name\" content=\"Mielenzuola.it\" \/>\n<meta property=\"article:publisher\" content=\"https:\/\/www.facebook.com\/pocenirjuhe.si\" \/>\n<meta property=\"article:modified_time\" content=\"2025-10-24T06:50:41+00:00\" \/>\n<meta property=\"og:image\" content=\"https:\/\/mielenzuola.it\/wp-content\/uploads\/prevleka-za-odejo-rumena.jpg\" \/>\n\t<meta property=\"og:image:width\" content=\"800\" \/>\n\t<meta property=\"og:image:height\" content=\"800\" \/>\n\t<meta property=\"og:image:type\" content=\"image\/jpeg\" \/>\n<meta name=\"twitter:card\" content=\"summary_large_image\" \/>\n<meta name=\"twitter:title\" content=\"Prevleka za otro\u0161ko odejo - Rumena | 100% Bomba\u017e | Mielenzuola.it\" \/>\n<meta name=\"twitter:description\" content=\"Rumena prevleka za otro\u0161ko odejo iz 100% bomba\u017ea zagotavlja prijetno udobje in spro\u0161\u010den spanec za najmlaj\u0161e. Zagotovite si svojo \u0161e danes!\" \/>\n<meta name=\"twitter:image\" content=\"https:\/\/mielenzuola.it\/wp-content\/uploads\/prevleka-za-odejo-rumena.jpg\" \/>\n<meta name=\"twitter:label1\" content=\"Disponibilit\u00e0\" \/>\n\t<meta name=\"twitter:data1\" content=\"In stock\" \/>\n<script type=\"application\/ld+json\" class=\"yoast-schema-graph\">{\"@context\":\"https:\/\/schema.org\",\"@graph\":[{\"@type\":\"WebPage\",\"@id\":\"https:\/\/mielenzuola.it\/izdelek\/prevleka-za-otrosko-odejo-rumena\/\",\"url\":\"https:\/\/mielenzuola.it\/izdelek\/prevleka-za-otrosko-odejo-rumena\/\",\"name\":\"Prevleka za otro\u0161ko odejo - Rumena | 100% Bomba\u017e | Mielenzuola.it\",\"isPartOf\":{\"@id\":\"https:\/\/mielenzuola.it\/#website\"},\"primaryImageOfPage\":{\"@id\":\"https:\/\/mielenzuola.it\/izdelek\/prevleka-za-otrosko-odejo-rumena\/#primaryimage\"},\"image\":{\"@id\":\"https:\/\/mielenzuola.it\/izdelek\/prevleka-za-otrosko-odejo-rumena\/#primaryimage\"},\"thumbnailUrl\":\"https:\/\/mielenzuola.it\/wp-content\/uploads\/prevleka-za-odejo-rumena.jpg\",\"datePublished\":\"2022-01-20T13:55:53+00:00\",\"dateModified\":\"2025-10-24T06:50:41+00:00\",\"description\":\"Rumena prevleka za otro\u0161ko odejo iz 100% naravnega bomba\u017ea zagotavlja prijetno udobje in spro\u0161\u010den spanec za najmlaj\u0161e. Zagotovite si svojo \u0161e danes!\",\"breadcrumb\":{\"@id\":\"https:\/\/mielenzuola.it\/izdelek\/prevleka-za-otrosko-odejo-rumena\/#breadcrumb\"},\"inLanguage\":\"it-IT\",\"potentialAction\":[{\"@type\":\"ReadAction\",\"target\":[\"https:\/\/mielenzuola.it\/izdelek\/prevleka-za-otrosko-odejo-rumena\/\"]}]},{\"@type\":\"ImageObject\",\"inLanguage\":\"it-IT\",\"@id\":\"https:\/\/mielenzuola.it\/izdelek\/prevleka-za-otrosko-odejo-rumena\/#primaryimage\",\"url\":\"https:\/\/mielenzuola.it\/wp-content\/uploads\/prevleka-za-odejo-rumena.jpg\",\"contentUrl\":\"https:\/\/mielenzuola.it\/wp-content\/uploads\/prevleka-za-odejo-rumena.jpg\",\"width\":800,\"height\":800,\"caption\":\"Prevleka za odejo rumena\"},{\"@type\":\"BreadcrumbList\",\"@id\":\"https:\/\/mielenzuola.it\/izdelek\/prevleka-za-otrosko-odejo-rumena\/#breadcrumb\",\"itemListElement\":[{\"@type\":\"ListItem\",\"position\":1,\"name\":\"Home\",\"item\":\"https:\/\/mielenzuola.it\/\"},{\"@type\":\"ListItem\",\"position\":2,\"name\":\"Trgovina\",\"item\":\"https:\/\/mielenzuola.it\/trgovina-pocenirjuhe\/\"},{\"@type\":\"ListItem\",\"position\":3,\"name\":\"Prevleka za otro\u0161ko odejo &#8211; Rumena\"}]},{\"@type\":\"WebSite\",\"@id\":\"https:\/\/mielenzuola.it\/#website\",\"url\":\"https:\/\/mielenzuola.it\/\",\"name\":\"Pocenirjuhe.si\",\"description\":\"Dove il cotone \u00e8 di casa.\",\"publisher\":{\"@id\":\"https:\/\/mielenzuola.it\/#organization\"},\"potentialAction\":[{\"@type\":\"SearchAction\",\"target\":{\"@type\":\"EntryPoint\",\"urlTemplate\":\"https:\/\/mielenzuola.it\/?s={search_term_string}\"},\"query-input\":{\"@type\":\"PropertyValueSpecification\",\"valueRequired\":true,\"valueName\":\"search_term_string\"}}],\"inLanguage\":\"it-IT\"},{\"@type\":[\"Organization\",\"Place\"],\"@id\":\"https:\/\/mielenzuola.it\/#organization\",\"name\":\"Pocenirjuhe.si\",\"url\":\"https:\/\/mielenzuola.it\/\",\"logo\":{\"@id\":\"https:\/\/mielenzuola.it\/izdelek\/prevleka-za-otrosko-odejo-rumena\/#local-main-organization-logo\"},\"image\":{\"@id\":\"https:\/\/mielenzuola.it\/izdelek\/prevleka-za-otrosko-odejo-rumena\/#local-main-organization-logo\"},\"sameAs\":[\"https:\/\/www.facebook.com\/pocenirjuhe.si\",\"https:\/\/www.instagram.com\/pocenirjuhe.si\/\"],\"legalName\":\"REPLANT d.o.o.\",\"foundingDate\":\"2021-07-23\",\"hasMerchantReturnPolicy\":{\"@type\":\"MerchantReturnPolicy\",\"merchantReturnLink\":\"https:\/\/mielenzuola.it\/it\/termini-e-condizioni\/\"},\"address\":{\"@id\":\"https:\/\/mielenzuola.it\/izdelek\/prevleka-za-otrosko-odejo-rumena\/#local-main-place-address\"},\"telephone\":[\"051 787 007\"],\"openingHoursSpecification\":[{\"@type\":\"OpeningHoursSpecification\",\"dayOfWeek\":[\"Monday\",\"Tuesday\",\"Wednesday\",\"Thursday\",\"Friday\"],\"opens\":\"08:00\",\"closes\":\"16:00\"},{\"@type\":\"OpeningHoursSpecification\",\"dayOfWeek\":[\"Saturday\",\"Sunday\"],\"opens\":\"00:00\",\"closes\":\"00:00\"}],\"email\":\"info@mielenzuola.it\",\"vatID\":\"SI66253012\"},{\"@type\":\"PostalAddress\",\"@id\":\"https:\/\/mielenzuola.it\/izdelek\/prevleka-za-otrosko-odejo-rumena\/#local-main-place-address\",\"streetAddress\":\"Obrtni\u0161ka ulica 30\",\"addressLocality\":\"Koper\",\"postalCode\":\"6000\",\"addressCountry\":\"SI\"},{\"@type\":\"ImageObject\",\"inLanguage\":\"it-IT\",\"@id\":\"https:\/\/mielenzuola.it\/izdelek\/prevleka-za-otrosko-odejo-rumena\/#local-main-organization-logo\",\"url\":\"https:\/\/mielenzuola.it\/wp-content\/uploads\/ikona-pocenirjuhe.jpg\",\"contentUrl\":\"https:\/\/mielenzuola.it\/wp-content\/uploads\/ikona-pocenirjuhe.jpg\",\"width\":225,\"height\":225,\"caption\":\"Pocenirjuhe.si\"}]}<\/script>\n<meta property=\"og:availability\" content=\"instock\" \/>\n<meta property=\"product:availability\" content=\"instock\" \/>\n<meta property=\"product:retailer_item_id\" content=\"POORU\" \/>\n<meta property=\"product:condition\" content=\"new\" \/>\n<meta name=\"geo.placename\" content=\"Koper\" \/>\n<meta name=\"geo.region\" content=\"Slovenia\" \/>\n<!-- \/ Yoast SEO Premium plugin. -->","yoast_head_json":{"title":"Prevleka za otro\u0161ko odejo - Rumena | 100% Bomba\u017e | Mielenzuola.it","description":"Rumena prevleka za otro\u0161ko odejo iz 100% naravnega bomba\u017ea zagotavlja prijetno udobje in spro\u0161\u010den spanec za najmlaj\u0161e. Zagotovite si svojo \u0161e danes!","robots":{"index":"noindex","follow":"follow","max-snippet":"max-snippet:-1","max-image-preview":"max-image-preview:large","max-video-preview":"max-video-preview:-1"},"og_locale":"it_IT","og_type":"article","og_title":"Prevleka za otro\u0161ko odejo - Rumena | 100% Bomba\u017e | Mielenzuola.it","og_description":"Rumena prevleka za otro\u0161ko odejo iz 100% naravnega bomba\u017ea zagotavlja prijetno udobje in spro\u0161\u010den spanec za najmlaj\u0161e. Zagotovite si svojo \u0161e danes!","og_url":"https:\/\/mielenzuola.it\/it\/prodotto\/copripiumino-per-bambini-giallo\/","og_site_name":"Mielenzuola.it","article_publisher":"https:\/\/www.facebook.com\/pocenirjuhe.si","article_modified_time":"2025-10-24T06:50:41+00:00","og_image":[{"width":800,"height":800,"url":"https:\/\/mielenzuola.it\/wp-content\/uploads\/prevleka-za-odejo-rumena.jpg","type":"image\/jpeg"}],"twitter_card":"summary_large_image","twitter_title":"Prevleka za otro\u0161ko odejo - Rumena | 100% Bomba\u017e | Mielenzuola.it","twitter_description":"Rumena prevleka za otro\u0161ko odejo iz 100% bomba\u017ea zagotavlja prijetno udobje in spro\u0161\u010den spanec za najmlaj\u0161e. Zagotovite si svojo \u0161e danes!","twitter_image":"https:\/\/mielenzuola.it\/wp-content\/uploads\/prevleka-za-odejo-rumena.jpg","twitter_misc":{"Disponibilit\u00e0":"In stock"},"schema":{"@context":"https:\/\/schema.org","@graph":[{"@type":"WebPage","@id":"https:\/\/mielenzuola.it\/izdelek\/prevleka-za-otrosko-odejo-rumena\/","url":"https:\/\/mielenzuola.it\/izdelek\/prevleka-za-otrosko-odejo-rumena\/","name":"Prevleka za otro\u0161ko odejo - Rumena | 100% Bomba\u017e | Mielenzuola.it","isPartOf":{"@id":"https:\/\/mielenzuola.it\/#website"},"primaryImageOfPage":{"@id":"https:\/\/mielenzuola.it\/izdelek\/prevleka-za-otrosko-odejo-rumena\/#primaryimage"},"image":{"@id":"https:\/\/mielenzuola.it\/izdelek\/prevleka-za-otrosko-odejo-rumena\/#primaryimage"},"thumbnailUrl":"https:\/\/mielenzuola.it\/wp-content\/uploads\/prevleka-za-odejo-rumena.jpg","datePublished":"2022-01-20T13:55:53+00:00","dateModified":"2025-10-24T06:50:41+00:00","description":"Rumena prevleka za otro\u0161ko odejo iz 100% naravnega bomba\u017ea zagotavlja prijetno udobje in spro\u0161\u010den spanec za najmlaj\u0161e. Zagotovite si svojo \u0161e danes!","breadcrumb":{"@id":"https:\/\/mielenzuola.it\/izdelek\/prevleka-za-otrosko-odejo-rumena\/#breadcrumb"},"inLanguage":"it-IT","potentialAction":[{"@type":"ReadAction","target":["https:\/\/mielenzuola.it\/izdelek\/prevleka-za-otrosko-odejo-rumena\/"]}]},{"@type":"ImageObject","inLanguage":"it-IT","@id":"https:\/\/mielenzuola.it\/izdelek\/prevleka-za-otrosko-odejo-rumena\/#primaryimage","url":"https:\/\/mielenzuola.it\/wp-content\/uploads\/prevleka-za-odejo-rumena.jpg","contentUrl":"https:\/\/mielenzuola.it\/wp-content\/uploads\/prevleka-za-odejo-rumena.jpg","width":800,"height":800,"caption":"Prevleka za odejo rumena"},{"@type":"BreadcrumbList","@id":"https:\/\/mielenzuola.it\/izdelek\/prevleka-za-otrosko-odejo-rumena\/#breadcrumb","itemListElement":[{"@type":"ListItem","position":1,"name":"Home","item":"https:\/\/mielenzuola.it\/"},{"@type":"ListItem","position":2,"name":"Trgovina","item":"https:\/\/mielenzuola.it\/trgovina-pocenirjuhe\/"},{"@type":"ListItem","position":3,"name":"Prevleka za otro\u0161ko odejo &#8211; Rumena"}]},{"@type":"WebSite","@id":"https:\/\/mielenzuola.it\/#website","url":"https:\/\/mielenzuola.it\/","name":"Economicoirjuhe.si","description":"Dove il cotone \u00e8 di casa.","publisher":{"@id":"https:\/\/mielenzuola.it\/#organization"},"potentialAction":[{"@type":"SearchAction","target":{"@type":"EntryPoint","urlTemplate":"https:\/\/mielenzuola.it\/?s={search_term_string}"},"query-input":{"@type":"PropertyValueSpecification","valueRequired":true,"valueName":"search_term_string"}}],"inLanguage":"it-IT"},{"@type":["Organization","Place"],"@id":"https:\/\/mielenzuola.it\/#organization","name":"Economicoirjuhe.si","url":"https:\/\/mielenzuola.it\/","logo":{"@id":"https:\/\/mielenzuola.it\/izdelek\/prevleka-za-otrosko-odejo-rumena\/#local-main-organization-logo"},"image":{"@id":"https:\/\/mielenzuola.it\/izdelek\/prevleka-za-otrosko-odejo-rumena\/#local-main-organization-logo"},"sameAs":["https:\/\/www.facebook.com\/pocenirjuhe.si","https:\/\/www.instagram.com\/pocenirjuhe.si\/"],"legalName":"REPLANT d.o.o.","foundingDate":"2021-07-23","hasMerchantReturnPolicy":{"@type":"MerchantReturnPolicy","merchantReturnLink":"https:\/\/mielenzuola.it\/it\/termini-e-condizioni\/"},"address":{"@id":"https:\/\/mielenzuola.it\/izdelek\/prevleka-za-otrosko-odejo-rumena\/#local-main-place-address"},"telephone":["051 787 007"],"openingHoursSpecification":[{"@type":"OpeningHoursSpecification","dayOfWeek":["Monday","Tuesday","Wednesday","Thursday","Friday"],"opens":"08:00","closes":"16:00"},{"@type":"OpeningHoursSpecification","dayOfWeek":["Saturday","Sunday"],"opens":"00:00","closes":"00:00"}],"email":"info@mielenzuola.it","vatID":"SI66253012"},{"@type":"PostalAddress","@id":"https:\/\/mielenzuola.it\/izdelek\/prevleka-za-otrosko-odejo-rumena\/#local-main-place-address","streetAddress":"Obrtni\u0161ka ulica 30","addressLocality":"Koper","postalCode":"6000","addressCountry":"SI"},{"@type":"ImageObject","inLanguage":"it-IT","@id":"https:\/\/mielenzuola.it\/izdelek\/prevleka-za-otrosko-odejo-rumena\/#local-main-organization-logo","url":"https:\/\/mielenzuola.it\/wp-content\/uploads\/ikona-pocenirjuhe.jpg","contentUrl":"https:\/\/mielenzuola.it\/wp-content\/uploads\/ikona-pocenirjuhe.jpg","width":225,"height":225,"caption":"Pocenirjuhe.si"}]},"og_availability":"instock","product_availability":"instock","product_retailer_item_id":"POORU","product_condition":"new","geo.placename":"Koper","geo.region":"Slovenia"},"_links":{"self":[{"href":"https:\/\/mielenzuola.it\/it\/wp-json\/wp\/v2\/product\/4388","targetHints":{"allow":["GET"]}}],"collection":[{"href":"https:\/\/mielenzuola.it\/it\/wp-json\/wp\/v2\/product"}],"about":[{"href":"https:\/\/mielenzuola.it\/it\/wp-json\/wp\/v2\/types\/product"}],"wp:featuredmedia":[{"embeddable":true,"href":"https:\/\/mielenzuola.it\/it\/wp-json\/wp\/v2\/media\/5656"}],"wp:attachment":[{"href":"https:\/\/mielenzuola.it\/it\/wp-json\/wp\/v2\/media?parent=4388"}],"wp:term":[{"taxonomy":"product_brand","embeddable":true,"href":"https:\/\/mielenzuola.it\/it\/wp-json\/wp\/v2\/product_brand?post=4388"},{"taxonomy":"product_cat","embeddable":true,"href":"https:\/\/mielenzuola.it\/it\/wp-json\/wp\/v2\/product_cat?post=4388"},{"taxonomy":"product_tag","embeddable":true,"href":"https:\/\/mielenzuola.it\/it\/wp-json\/wp\/v2\/product_tag?post=4388"}],"curies":[{"name":"wp","href":"https:\/\/api.w.org\/{rel}","templated":true}]}}