{"id":4827,"date":"2022-01-28T11:29:06","date_gmt":"2022-01-28T11:29:06","guid":{"rendered":"https:\/\/mielenzuola.it\/?post_type=product&#038;p=4827"},"modified":"2025-10-02T13:52:41","modified_gmt":"2025-10-02T13:52:41","slug":"copripiumino-bambini-rosso","status":"publish","type":"product","link":"https:\/\/mielenzuola.it\/it\/prodotto\/copripiumino-bambini-rosso\/","title":{"rendered":"Copripiumino per bambini 140\u00d7200 cm - Rosso"},"content":{"rendered":"<h2>Copripiumino per bambini 140\u00d7200 cm - Rosso<\/h2>\n<p><strong>Copripiumino per bambini 140\u00d7200 cm - Rosso<\/strong> \u00e8 estremamente morbido e regala al bambino una piacevole sensazione a contatto con la pelle. Il colore rosso ravviva l'ambiente e porta allegria nella stanza del bambino. Crea un ambiente stimolante in cui si intrecciano relax e riposo.<\/p>\n<p>Il copripiumino per bambini \u00e8 realizzato in<strong> in cotone naturale 100%<\/strong>, Senza additivi artificiali aggiunti, \u00e8 particolarmente adatto alla pelle sensibile del bambino. Il cotone, tessuto con la tecnica del jersey, assicura <strong>eccezionale morbidezza<\/strong>, elevata elasticit\u00e0 e <strong>sensazione piacevole a contatto con la pelle<\/strong>. Il tessuto a maglia utilizzato ha <strong>Certificazione OEKO-TEX Standard 100<\/strong>, il che significa che \u00e8 testato per le sostanze nocive e completamente sicuro per i bambini.<\/p>\n<p>Il rivestimento in cotone permette <strong>eccellente circolazione dell'aria<\/strong>, <strong>respira bene<\/strong> e allontana rapidamente l'umidit\u00e0 dal corpo. Questo previene efficacemente il surriscaldamento e la sudorazione durante il sonno. La superficie rimane fresca e <strong>godibile in tutte le stagioni<\/strong> - piacevolmente fresco in estate e delicatamente riscaldante in inverno.<\/p>\n<p>Una lavorazione di qualit\u00e0 e materiali accuratamente selezionati garantiscono<strong> durata e flessibilit\u00e0<\/strong>, mentre il rivestimento \u00e8 molto <strong>facile da mantenere<\/strong>. Non si sgualcisce quando viene asciugato correttamente, per cui<strong> non \u00e8 necessario stirare<\/strong>. <strong>Chiusura a zip<\/strong> rende l'utilizzo rapido e pratico.<\/p>\n<p>Caratteristiche del prodotto:<\/p>\n<ul>\n<li>Dimensioni: 140\u00d7200 cm<\/li>\n<li>Chiusura: zip<\/li>\n<li>Colore: rosso<\/li>\n<\/ul>\n<p>Scegliete la morbida copertina rossa e date al vostro bambino il comfort che lo render\u00e0 felice notte dopo notte.<\/p>\n<hr \/>\n<p>Scoprite altri splendidi colori\u00a0<a href=\"https:\/\/mielenzuola.it\/it\/categoria-prodotto\/cameretta\/copripiumini-per-bambini\/\">copripiumini per bambini<\/a>:\u00a0<a href=\"https:\/\/mielenzuola.it\/it\/prodotto\/copripiumino-bambini-viola\/\">viola<\/a>, <a href=\"https:\/\/mielenzuola.it\/it\/prodotto\/copripiumino-bambini-giallo\/\">Giallo<\/a>, <a href=\"https:\/\/mielenzuola.it\/it\/prodotto\/copripiumino-bambini-verde-chiaro\/\">verde chiaro<\/a>, <a href=\"https:\/\/mielenzuola.it\/it\/prodotto\/copripiumino-bambini-arancione\/\">arancione<\/a>,\u00a0<a href=\"https:\/\/mielenzuola.it\/it\/prodotto\/copripiumino-bambini-140x200-cm-cappuccino\/\">cappuccino<\/a>, <a href=\"https:\/\/mielenzuola.it\/it\/prodotto\/copripiumino-bambini-blu\/\">Blu<\/a>, <a href=\"https:\/\/mielenzuola.it\/it\/prodotto\/copripiumino-bambini-rosa\/\">rosa<\/a>, <a href=\"https:\/\/mielenzuola.it\/it\/prodotto\/copripiumino-bambini-bianco\/\">bianco<\/a>, <a href=\"https:\/\/mielenzuola.it\/it\/prodotto\/copripiumino-bambini-azzuro\/\">azzurro<\/a>, <a href=\"https:\/\/mielenzuola.it\/it\/prodotto\/copripiumino-bambini-grigio\/\">grigio<\/a>, <a href=\"https:\/\/mielenzuola.it\/it\/prodotto\/copripiumino-bambini-beige\/\">corsa<\/a>, <a href=\"https:\/\/mielenzuola.it\/it\/prodotto\/copripiumino-bambini-nero\/\">Nero<\/a> e <a href=\"https:\/\/mielenzuola.it\/it\/prodotto\/copripiumino-bambini-grigio-chiaro\/\">grigio chiaro<\/a>.<\/p>\n<p>Per un look perfettamente coordinato, potete scegliere\u00a0<a href=\"https:\/\/mielenzuola.it\/it\/prodotto\/parure-copripiumino-bambini-tinta-unita-rosso\/\">set di biancheria da letto in rosso<\/a>, che comprende una federa coordinata oltre al copripiumino. Individuale <a href=\"https:\/\/mielenzuola.it\/it\/prodotto\/federa-bambini-rosso\/\">federe rosse<\/a>, che potete combinare secondo i vostri gusti.<\/p>\n<p>\ud83d\udc49 Esplorate l'offerta completa nel nostro sito web <a href=\"https:\/\/mielenzuola.it\/it\/\">negozio online Pocenirjuhe.si<\/a> e creare un ambiente elegante e confortevole <a href=\"https:\/\/mielenzuola.it\/it\/categoria-prodotto\/cameretta\/\">camera dei bambini<\/a> per i loro figli.<\/p>","protected":false},"excerpt":{"rendered":"<p><img loading=\"lazy\" decoding=\"async\" src=\"https:\/\/mielenzuola.it\/wp-content\/uploads\/check-1-400x400.png\" alt=\"\" width=\"20\" height=\"20\" \/> Cotone 100%<br \/>\n<img loading=\"lazy\" decoding=\"async\" src=\"https:\/\/mielenzuola.it\/wp-content\/uploads\/check-1-400x400.png\" alt=\"\" width=\"20\" height=\"20\" \/> Realizzato in materiale certificato OEKO-TEX Standard 100<br \/>\n<img loading=\"lazy\" decoding=\"async\" src=\"https:\/\/mielenzuola.it\/wp-content\/uploads\/check-1-400x400.png\" alt=\"\" width=\"20\" height=\"20\" \/> Peso 150 g\/m<sup>2<\/sup><br \/>\n<img loading=\"lazy\" decoding=\"async\" src=\"https:\/\/mielenzuola.it\/wp-content\/uploads\/check-1-400x400.png\" alt=\"\" width=\"20\" height=\"20\" \/> Estremamente traspirante e morbido al tatto<br \/>\n<img loading=\"lazy\" decoding=\"async\" src=\"https:\/\/mielenzuola.it\/wp-content\/uploads\/check-1-400x400.png\" alt=\"\" width=\"20\" height=\"20\" \/> Chiusura a zip<br \/>\n<img loading=\"lazy\" decoding=\"async\" src=\"https:\/\/mielenzuola.it\/wp-content\/uploads\/check-1-400x400.png\" alt=\"\" width=\"20\" height=\"20\" \/> Prodotto in Europa<br \/>\n<img loading=\"lazy\" decoding=\"async\" src=\"https:\/\/mielenzuola.it\/wp-content\/uploads\/check-1-400x400.png\" alt=\"\" width=\"20\" height=\"20\" \/> Dimensioni 140\u00d7200 cm<\/p>","protected":false},"featured_media":5654,"template":"","meta":[],"product_brand":[697],"product_cat":[68,81],"product_tag":[459,460,284,318,429],"class_list":{"0":"post-4827","1":"product","2":"type-product","3":"status-publish","4":"has-post-thumbnail","6":"product_brand-pocenirjuhe","7":"product_cat-otroska-soba","8":"product_cat-otroske-prevleke-za-odejo","9":"product_tag-prevleka-za-presito-odejo","10":"product_tag-kapna","11":"product_tag-kvalitetna-posteljnina","12":"product_tag-prevleka-za-odejo-140x200-cm","13":"product_tag-posteljnine-poceni-rjuhe","14":"pa_barva-rdeca","15":"pa_barva-2-rdeca","16":"pa_dim-prevleka-odeja-140x200-cm","17":"pa_dimenzija-140x200","19":"first","20":"instock","21":"sale","22":"shipping-taxable","23":"purchasable","24":"product-type-simple"},"yoast_head":"<!-- This site is optimized with the Yoast SEO Premium plugin v25.3.1 (Yoast SEO v26.4) - https:\/\/yoast.com\/wordpress\/plugins\/seo\/ -->\n<title>Otro\u0161ka prevleka za odejo 140\u00d7200 cm - Rde\u010da | 100% Bomba\u017e | Mielenzuola.it<\/title>\n<meta name=\"description\" content=\"Rde\u010da otro\u0161ka prevleka za odejo 140\u00d7200 cm iz 100% bomba\u017ea prina\u0161a \u017eivahno energijo in mehko udobje. Naro\u010dite zdaj po najugodnej\u0161i ceni!\" \/>\n<meta name=\"robots\" content=\"noindex, follow, max-snippet:-1, max-image-preview:large, max-video-preview:-1\" \/>\n<meta property=\"og:locale\" content=\"it_IT\" \/>\n<meta property=\"og:type\" content=\"article\" \/>\n<meta property=\"og:title\" content=\"Otro\u0161ka prevleka za odejo 140\u00d7200 cm - Rde\u010da | 100% Bomba\u017e | Mielenzuola.it\" \/>\n<meta property=\"og:description\" content=\"Rde\u010da otro\u0161ka prevleka za odejo 140\u00d7200 cm iz 100% bomba\u017ea prina\u0161a \u017eivahno energijo in mehko udobje. Naro\u010dite zdaj po najugodnej\u0161i ceni!\" \/>\n<meta property=\"og:url\" content=\"https:\/\/mielenzuola.it\/it\/prodotto\/copripiumino-bambini-rosso\/\" \/>\n<meta property=\"og:site_name\" content=\"Mielenzuola.it\" \/>\n<meta property=\"article:publisher\" content=\"https:\/\/www.facebook.com\/pocenirjuhe.si\" \/>\n<meta property=\"article:modified_time\" content=\"2025-10-02T13:52:41+00:00\" \/>\n<meta property=\"og:image\" content=\"https:\/\/mielenzuola.it\/wp-content\/uploads\/prevleka-za-odejo-rdeca.jpg\" \/>\n\t<meta property=\"og:image:width\" content=\"800\" \/>\n\t<meta property=\"og:image:height\" content=\"800\" \/>\n\t<meta property=\"og:image:type\" content=\"image\/jpeg\" \/>\n<meta name=\"twitter:card\" content=\"summary_large_image\" \/>\n<meta name=\"twitter:title\" content=\"Otro\u0161ka prevleka za odejo 140\u00d7200 cm - Rde\u010da | 100% Bomba\u017e | Mielenzuola.it\" \/>\n<meta name=\"twitter:description\" content=\"Rde\u010da otro\u0161ka prevleka za odejo 140\u00d7200 cm iz 100% bomba\u017ea prina\u0161a \u017eivahno energijo in mehko udobje. Naro\u010dite zdaj po najugodnej\u0161i ceni!\" \/>\n<meta name=\"twitter:image\" content=\"https:\/\/mielenzuola.it\/wp-content\/uploads\/prevleka-za-odejo-rdeca.jpg\" \/>\n<meta name=\"twitter:label1\" content=\"Prezzo\" \/>\n\t<meta name=\"twitter:data1\" content=\"25,99&nbsp;&euro;\" \/>\n\t<meta name=\"twitter:label2\" content=\"Disponibilit\u00e0\" \/>\n\t<meta name=\"twitter:data2\" content=\"In stock\" \/>\n<script type=\"application\/ld+json\" class=\"yoast-schema-graph\">{\"@context\":\"https:\/\/schema.org\",\"@graph\":[{\"@type\":\"WebPage\",\"@id\":\"https:\/\/mielenzuola.it\/izdelek\/otroska-prevleka-za-odejo-rdeca\/\",\"url\":\"https:\/\/mielenzuola.it\/izdelek\/otroska-prevleka-za-odejo-rdeca\/\",\"name\":\"Otro\u0161ka prevleka za odejo 140\u00d7200 cm - Rde\u010da | 100% Bomba\u017e | Mielenzuola.it\",\"isPartOf\":{\"@id\":\"https:\/\/mielenzuola.it\/#website\"},\"primaryImageOfPage\":{\"@id\":\"https:\/\/mielenzuola.it\/izdelek\/otroska-prevleka-za-odejo-rdeca\/#primaryimage\"},\"image\":{\"@id\":\"https:\/\/mielenzuola.it\/izdelek\/otroska-prevleka-za-odejo-rdeca\/#primaryimage\"},\"thumbnailUrl\":\"https:\/\/mielenzuola.it\/wp-content\/uploads\/prevleka-za-odejo-rdeca.jpg\",\"datePublished\":\"2022-01-28T11:29:06+00:00\",\"dateModified\":\"2025-10-02T13:52:41+00:00\",\"description\":\"Rde\u010da otro\u0161ka prevleka za odejo 140\u00d7200 cm iz 100% bomba\u017ea prina\u0161a \u017eivahno energijo in mehko udobje. Naro\u010dite zdaj po najugodnej\u0161i ceni!\",\"breadcrumb\":{\"@id\":\"https:\/\/mielenzuola.it\/izdelek\/otroska-prevleka-za-odejo-rdeca\/#breadcrumb\"},\"inLanguage\":\"it-IT\",\"potentialAction\":[{\"@type\":\"ReadAction\",\"target\":[\"https:\/\/mielenzuola.it\/izdelek\/otroska-prevleka-za-odejo-rdeca\/\"]}]},{\"@type\":\"ImageObject\",\"inLanguage\":\"it-IT\",\"@id\":\"https:\/\/mielenzuola.it\/izdelek\/otroska-prevleka-za-odejo-rdeca\/#primaryimage\",\"url\":\"https:\/\/mielenzuola.it\/wp-content\/uploads\/prevleka-za-odejo-rdeca.jpg\",\"contentUrl\":\"https:\/\/mielenzuola.it\/wp-content\/uploads\/prevleka-za-odejo-rdeca.jpg\",\"width\":800,\"height\":800,\"caption\":\"Prevleka za odejo rde\u010da\"},{\"@type\":\"BreadcrumbList\",\"@id\":\"https:\/\/mielenzuola.it\/izdelek\/otroska-prevleka-za-odejo-rdeca\/#breadcrumb\",\"itemListElement\":[{\"@type\":\"ListItem\",\"position\":1,\"name\":\"Home\",\"item\":\"https:\/\/mielenzuola.it\/\"},{\"@type\":\"ListItem\",\"position\":2,\"name\":\"Trgovina\",\"item\":\"https:\/\/mielenzuola.it\/trgovina-pocenirjuhe\/\"},{\"@type\":\"ListItem\",\"position\":3,\"name\":\"Otro\u0161ka prevleka za odejo 140\u00d7200 cm &#8211; Rde\u010da\"}]},{\"@type\":\"WebSite\",\"@id\":\"https:\/\/mielenzuola.it\/#website\",\"url\":\"https:\/\/mielenzuola.it\/\",\"name\":\"Pocenirjuhe.si\",\"description\":\"Dove il cotone \u00e8 di casa.\",\"publisher\":{\"@id\":\"https:\/\/mielenzuola.it\/#organization\"},\"potentialAction\":[{\"@type\":\"SearchAction\",\"target\":{\"@type\":\"EntryPoint\",\"urlTemplate\":\"https:\/\/mielenzuola.it\/?s={search_term_string}\"},\"query-input\":{\"@type\":\"PropertyValueSpecification\",\"valueRequired\":true,\"valueName\":\"search_term_string\"}}],\"inLanguage\":\"it-IT\"},{\"@type\":[\"Organization\",\"Place\"],\"@id\":\"https:\/\/mielenzuola.it\/#organization\",\"name\":\"Pocenirjuhe.si\",\"url\":\"https:\/\/mielenzuola.it\/\",\"logo\":{\"@id\":\"https:\/\/mielenzuola.it\/izdelek\/otroska-prevleka-za-odejo-rdeca\/#local-main-organization-logo\"},\"image\":{\"@id\":\"https:\/\/mielenzuola.it\/izdelek\/otroska-prevleka-za-odejo-rdeca\/#local-main-organization-logo\"},\"sameAs\":[\"https:\/\/www.facebook.com\/pocenirjuhe.si\",\"https:\/\/www.instagram.com\/pocenirjuhe.si\/\"],\"legalName\":\"REPLANT d.o.o.\",\"foundingDate\":\"2021-07-23\",\"hasMerchantReturnPolicy\":{\"@type\":\"MerchantReturnPolicy\",\"merchantReturnLink\":\"https:\/\/mielenzuola.it\/it\/termini-e-condizioni\/\"},\"address\":{\"@id\":\"https:\/\/mielenzuola.it\/izdelek\/otroska-prevleka-za-odejo-rdeca\/#local-main-place-address\"},\"telephone\":[\"051 787 007\"],\"openingHoursSpecification\":[{\"@type\":\"OpeningHoursSpecification\",\"dayOfWeek\":[\"Monday\",\"Tuesday\",\"Wednesday\",\"Thursday\",\"Friday\"],\"opens\":\"08:00\",\"closes\":\"16:00\"},{\"@type\":\"OpeningHoursSpecification\",\"dayOfWeek\":[\"Saturday\",\"Sunday\"],\"opens\":\"00:00\",\"closes\":\"00:00\"}],\"email\":\"info@mielenzuola.it\",\"vatID\":\"SI66253012\"},{\"@type\":\"PostalAddress\",\"@id\":\"https:\/\/mielenzuola.it\/izdelek\/otroska-prevleka-za-odejo-rdeca\/#local-main-place-address\",\"streetAddress\":\"Obrtni\u0161ka ulica 30\",\"addressLocality\":\"Koper\",\"postalCode\":\"6000\",\"addressCountry\":\"SI\"},{\"@type\":\"ImageObject\",\"inLanguage\":\"it-IT\",\"@id\":\"https:\/\/mielenzuola.it\/izdelek\/otroska-prevleka-za-odejo-rdeca\/#local-main-organization-logo\",\"url\":\"https:\/\/mielenzuola.it\/wp-content\/uploads\/ikona-pocenirjuhe.jpg\",\"contentUrl\":\"https:\/\/mielenzuola.it\/wp-content\/uploads\/ikona-pocenirjuhe.jpg\",\"width\":225,\"height\":225,\"caption\":\"Pocenirjuhe.si\"}]}<\/script>\n<meta property=\"product:price:amount\" content=\"25.99\" \/>\n<meta property=\"product:price:currency\" content=\"EUR\" \/>\n<meta property=\"og:availability\" content=\"instock\" \/>\n<meta property=\"product:availability\" content=\"instock\" \/>\n<meta property=\"product:retailer_item_id\" content=\"PORD4134\" \/>\n<meta property=\"product:condition\" content=\"new\" \/>\n<meta name=\"geo.placename\" content=\"Koper\" \/>\n<meta name=\"geo.region\" content=\"Slovenia\" \/>\n<!-- \/ Yoast SEO Premium plugin. -->","yoast_head_json":{"title":"Copripiumino 140\u00d7200 cm - Rosso | 100% Cotone | Mielenzuola.it","description":"Il copripiumino rosso per bambini 140\u00d7200 cm in cotone 100% dona una vibrante energia e un morbido comfort. Ordinate subito al miglior prezzo!","robots":{"index":"noindex","follow":"follow","max-snippet":"max-snippet:-1","max-image-preview":"max-image-preview:large","max-video-preview":"max-video-preview:-1"},"og_locale":"it_IT","og_type":"article","og_title":"Otro\u0161ka prevleka za odejo 140\u00d7200 cm - Rde\u010da | 100% Bomba\u017e | Mielenzuola.it","og_description":"Rde\u010da otro\u0161ka prevleka za odejo 140\u00d7200 cm iz 100% bomba\u017ea prina\u0161a \u017eivahno energijo in mehko udobje. Naro\u010dite zdaj po najugodnej\u0161i ceni!","og_url":"https:\/\/mielenzuola.it\/it\/prodotto\/copripiumino-bambini-rosso\/","og_site_name":"Mielenzuola.it","article_publisher":"https:\/\/www.facebook.com\/pocenirjuhe.si","article_modified_time":"2025-10-02T13:52:41+00:00","og_image":[{"width":800,"height":800,"url":"https:\/\/mielenzuola.it\/wp-content\/uploads\/prevleka-za-odejo-rdeca.jpg","type":"image\/jpeg"}],"twitter_card":"summary_large_image","twitter_title":"Otro\u0161ka prevleka za odejo 140\u00d7200 cm - Rde\u010da | 100% Bomba\u017e | Mielenzuola.it","twitter_description":"Rde\u010da otro\u0161ka prevleka za odejo 140\u00d7200 cm iz 100% bomba\u017ea prina\u0161a \u017eivahno energijo in mehko udobje. Naro\u010dite zdaj po najugodnej\u0161i ceni!","twitter_image":"https:\/\/mielenzuola.it\/wp-content\/uploads\/prevleka-za-odejo-rdeca.jpg","twitter_misc":{"Prezzo":"25,99&nbsp;&euro;","Disponibilit\u00e0":"In stock"},"schema":{"@context":"https:\/\/schema.org","@graph":[{"@type":"WebPage","@id":"https:\/\/mielenzuola.it\/izdelek\/otroska-prevleka-za-odejo-rdeca\/","url":"https:\/\/mielenzuola.it\/izdelek\/otroska-prevleka-za-odejo-rdeca\/","name":"Copripiumino 140\u00d7200 cm - Rosso | 100% Cotone | Mielenzuola.it","isPartOf":{"@id":"https:\/\/mielenzuola.it\/#website"},"primaryImageOfPage":{"@id":"https:\/\/mielenzuola.it\/izdelek\/otroska-prevleka-za-odejo-rdeca\/#primaryimage"},"image":{"@id":"https:\/\/mielenzuola.it\/izdelek\/otroska-prevleka-za-odejo-rdeca\/#primaryimage"},"thumbnailUrl":"https:\/\/mielenzuola.it\/wp-content\/uploads\/prevleka-za-odejo-rdeca.jpg","datePublished":"2022-01-28T11:29:06+00:00","dateModified":"2025-10-02T13:52:41+00:00","description":"Il copripiumino rosso per bambini 140\u00d7200 cm in cotone 100% dona una vibrante energia e un morbido comfort. Ordinate subito al miglior prezzo!","breadcrumb":{"@id":"https:\/\/mielenzuola.it\/izdelek\/otroska-prevleka-za-odejo-rdeca\/#breadcrumb"},"inLanguage":"it-IT","potentialAction":[{"@type":"ReadAction","target":["https:\/\/mielenzuola.it\/izdelek\/otroska-prevleka-za-odejo-rdeca\/"]}]},{"@type":"ImageObject","inLanguage":"it-IT","@id":"https:\/\/mielenzuola.it\/izdelek\/otroska-prevleka-za-odejo-rdeca\/#primaryimage","url":"https:\/\/mielenzuola.it\/wp-content\/uploads\/prevleka-za-odejo-rdeca.jpg","contentUrl":"https:\/\/mielenzuola.it\/wp-content\/uploads\/prevleka-za-odejo-rdeca.jpg","width":800,"height":800,"caption":"Prevleka za odejo rde\u010da"},{"@type":"BreadcrumbList","@id":"https:\/\/mielenzuola.it\/izdelek\/otroska-prevleka-za-odejo-rdeca\/#breadcrumb","itemListElement":[{"@type":"ListItem","position":1,"name":"Home","item":"https:\/\/mielenzuola.it\/"},{"@type":"ListItem","position":2,"name":"Trgovina","item":"https:\/\/mielenzuola.it\/trgovina-pocenirjuhe\/"},{"@type":"ListItem","position":3,"name":"Otro\u0161ka prevleka za odejo 140\u00d7200 cm &#8211; Rde\u010da"}]},{"@type":"WebSite","@id":"https:\/\/mielenzuola.it\/#website","url":"https:\/\/mielenzuola.it\/","name":"Economicoirjuhe.si","description":"Dove il cotone \u00e8 di casa.","publisher":{"@id":"https:\/\/mielenzuola.it\/#organization"},"potentialAction":[{"@type":"SearchAction","target":{"@type":"EntryPoint","urlTemplate":"https:\/\/mielenzuola.it\/?s={search_term_string}"},"query-input":{"@type":"PropertyValueSpecification","valueRequired":true,"valueName":"search_term_string"}}],"inLanguage":"it-IT"},{"@type":["Organization","Place"],"@id":"https:\/\/mielenzuola.it\/#organization","name":"Economicoirjuhe.si","url":"https:\/\/mielenzuola.it\/","logo":{"@id":"https:\/\/mielenzuola.it\/izdelek\/otroska-prevleka-za-odejo-rdeca\/#local-main-organization-logo"},"image":{"@id":"https:\/\/mielenzuola.it\/izdelek\/otroska-prevleka-za-odejo-rdeca\/#local-main-organization-logo"},"sameAs":["https:\/\/www.facebook.com\/pocenirjuhe.si","https:\/\/www.instagram.com\/pocenirjuhe.si\/"],"legalName":"REPLANT d.o.o.","foundingDate":"2021-07-23","hasMerchantReturnPolicy":{"@type":"MerchantReturnPolicy","merchantReturnLink":"https:\/\/mielenzuola.it\/it\/termini-e-condizioni\/"},"address":{"@id":"https:\/\/mielenzuola.it\/izdelek\/otroska-prevleka-za-odejo-rdeca\/#local-main-place-address"},"telephone":["051 787 007"],"openingHoursSpecification":[{"@type":"OpeningHoursSpecification","dayOfWeek":["Monday","Tuesday","Wednesday","Thursday","Friday"],"opens":"08:00","closes":"16:00"},{"@type":"OpeningHoursSpecification","dayOfWeek":["Saturday","Sunday"],"opens":"00:00","closes":"00:00"}],"email":"info@mielenzuola.it","vatID":"SI66253012"},{"@type":"PostalAddress","@id":"https:\/\/mielenzuola.it\/izdelek\/otroska-prevleka-za-odejo-rdeca\/#local-main-place-address","streetAddress":"Obrtni\u0161ka ulica 30","addressLocality":"Koper","postalCode":"6000","addressCountry":"SI"},{"@type":"ImageObject","inLanguage":"it-IT","@id":"https:\/\/mielenzuola.it\/izdelek\/otroska-prevleka-za-odejo-rdeca\/#local-main-organization-logo","url":"https:\/\/mielenzuola.it\/wp-content\/uploads\/ikona-pocenirjuhe.jpg","contentUrl":"https:\/\/mielenzuola.it\/wp-content\/uploads\/ikona-pocenirjuhe.jpg","width":225,"height":225,"caption":"Pocenirjuhe.si"}]},"product_price_amount":"25.99","product_price_currency":"EUR","og_availability":"instock","product_availability":"instock","product_retailer_item_id":"PORD4134","product_condition":"new","geo.placename":"Koper","geo.region":"Slovenia"},"_links":{"self":[{"href":"https:\/\/mielenzuola.it\/it\/wp-json\/wp\/v2\/product\/4827","targetHints":{"allow":["GET"]}}],"collection":[{"href":"https:\/\/mielenzuola.it\/it\/wp-json\/wp\/v2\/product"}],"about":[{"href":"https:\/\/mielenzuola.it\/it\/wp-json\/wp\/v2\/types\/product"}],"wp:featuredmedia":[{"embeddable":true,"href":"https:\/\/mielenzuola.it\/it\/wp-json\/wp\/v2\/media\/5654"}],"wp:attachment":[{"href":"https:\/\/mielenzuola.it\/it\/wp-json\/wp\/v2\/media?parent=4827"}],"wp:term":[{"taxonomy":"product_brand","embeddable":true,"href":"https:\/\/mielenzuola.it\/it\/wp-json\/wp\/v2\/product_brand?post=4827"},{"taxonomy":"product_cat","embeddable":true,"href":"https:\/\/mielenzuola.it\/it\/wp-json\/wp\/v2\/product_cat?post=4827"},{"taxonomy":"product_tag","embeddable":true,"href":"https:\/\/mielenzuola.it\/it\/wp-json\/wp\/v2\/product_tag?post=4827"}],"curies":[{"name":"wp","href":"https:\/\/api.w.org\/{rel}","templated":true}]}}