{"id":591,"date":"2021-12-18T14:42:18","date_gmt":"2021-12-18T14:42:18","guid":{"rendered":"https:\/\/mielenzuola.it\/?post_type=product&#038;p=591"},"modified":"2025-10-02T12:58:11","modified_gmt":"2025-10-02T12:58:11","slug":"parure-copripiumino-per-neonati-unicorno-magico","status":"publish","type":"product","link":"https:\/\/mielenzuola.it\/it\/prodotto\/parure-copripiumino-per-neonati-unicorno-magico\/","title":{"rendered":"Biancheria da letto per bambini - Unicorno magico"},"content":{"rendered":"<h2>Biancheria da letto per bambini - Unicorno magico<\/h2>\n<p>Alta qualit\u00e0 <strong>Biancheria da letto per bambini - Unicorno magico<\/strong> porter\u00e0 un tocco di magia e immaginazione nella stanza del vostro bambino con il suo motivo incantevole. Crea un ambiente accogliente e sicuro per un sonno sereno e riposante dei vostri piccoli.<\/p>\n<p>La biancheria da letto per bambini \u00e8 realizzata in <strong>100% cotone naturale, <\/strong><strong>intrecciati in modo da rinforzare<\/strong>, che \u00e8 estremamente delicato per la pelle del bambino e rappresenta la scelta perfetta per il vostro piccolo. Il tessuto utilizzato ha <strong>Certificato OEKO-TEX Standard 100<\/strong>, il che significa che \u00e8 stato testato per verificare l'assenza di sostanze nocive e che \u00e8 completamente sicuro per i bambini.<\/p>\n<p>Il cotone renforce \u00e8 uno dei tessuti pi\u00f9 popolari per la biancheria da letto dei bambini. Non \u00e8 solo <strong>piacevole morbidezza<\/strong>, ma anche <strong>durata, facilit\u00e0 di manutenzione ed eccellente traspirabilit\u00e0<\/strong>. Cotone, come materiale naturale, <strong>respira bene<\/strong> e allontana l'umidit\u00e0 dal corpo in modo efficace, per cui la biancheria da letto funziona benissimo. <strong>in tutte le stagioni<\/strong> - rinfresca in estate e tiene caldo in inverno.<\/p>\n<p>Baby Cotton Bedding Unicorn ha <strong>chiusura su levetta<\/strong>, per garantire che il vostro piccolo dorma sempre in modo confortevole, qualunque sia la sua posizione di riposo.<\/p>\n<h3>Dimensioni disponibili<\/h3>\n<p><strong>La biancheria da letto per bambini comprende:<\/strong><br \/>\n1\u00d7 copripiumino<br \/>\n1\u00d7 federa<\/p>\n<p>Dimensioni del copripiumino disponibili:<\/p>\n<ul>\n<li>120\u00d790 cm<\/li>\n<li>135\u00d7100 cm<\/li>\n<\/ul>\n<p>Dimensioni della federa disponibili:<\/p>\n<ul>\n<li>30\u00d740 cm<\/li>\n<li>40\u00d760 cm<\/li>\n<\/ul>\n<p>Regalate al vostro piccolo una notte di sonno magico con una morbidezza naturale e un design giocoso. Scegliete una biancheria da letto di qualit\u00e0 che combina comfort, sicurezza e un mondo da favola in cui il vostro piccolo viagger\u00e0 ogni notte.<\/p>\n<hr \/>\n<p>Individuale <a href=\"https:\/\/mielenzuola.it\/it\/prodotto\/federa-per-bambini-unicorno-magico\/\">federe per bambini<\/a> e <a href=\"https:\/\/mielenzuola.it\/it\/prodotto\/copripiumino-per-bambini-unicorno-magico\/\">Copripiumino unicorno magico per bambini<\/a>.<\/p>\n<p><a href=\"https:\/\/mielenzuola.it\/it\/categoria-prodotto\/cameretta\/biancheria-da-letto-per-bambini\/\">Biancheria da letto per bambini<\/a> Realizzato con materiali naturali, \u00e8 disponibile anche con altri motivi fiabeschi, come ad esempio: <a href=\"https:\/\/mielenzuola.it\/it\/prodotto\/parure-copripiumino-per-neonati-sogni-d-oro\/\">Sogni d'oro<\/a>, <a href=\"https:\/\/mielenzuola.it\/it\/prodotto\/parure-copripiumino-per-neonati-dino-world\/\">Il mondo dei dinoidi<\/a>, <a href=\"https:\/\/mielenzuola.it\/it\/prodotto\/parure-copripiumino-per-neonati-train-chu-chu\/\">Il treno Chuzu<\/a> e <a href=\"https:\/\/mielenzuola.it\/it\/prodotto\/parure-copripiumino-per-neonati-zoo-numerico\/\">ZOO numerico<\/a>.<\/p>\n<p>\ud83d\udc49 Esplorate l'offerta completa nel nostro sito web <a href=\"https:\/\/mielenzuola.it\/it\/\">negozio online Pocenirjuhe.si<\/a> e creare un'affascinante <a href=\"https:\/\/mielenzuola.it\/it\/categoria-prodotto\/cameretta\/\">camera dei bambini<\/a> per il vostro piccolo.<\/p>","protected":false},"excerpt":{"rendered":"<p><img loading=\"lazy\" decoding=\"async\" src=\"https:\/\/mielenzuola.it\/wp-content\/uploads\/check-1-400x400.png\" alt=\"\" width=\"20\" height=\"20\" \/> 100% cotone renforce<br \/>\n<img loading=\"lazy\" decoding=\"async\" src=\"https:\/\/mielenzuola.it\/wp-content\/uploads\/check-1-400x400.png\" alt=\"\" width=\"20\" height=\"20\" \/> Realizzato in materiale certificato OEKO-TEX Standard 100<br \/>\n<img loading=\"lazy\" decoding=\"async\" src=\"https:\/\/mielenzuola.it\/wp-content\/uploads\/check-1-400x400.png\" alt=\"\" width=\"20\" height=\"20\" \/> Peso 130 g\/m<sup>2<\/sup><br \/>\n<img loading=\"lazy\" decoding=\"async\" src=\"https:\/\/mielenzuola.it\/wp-content\/uploads\/check-1-400x400.png\" alt=\"\" width=\"20\" height=\"20\" \/> Numero di fili 160<br \/>\n<img loading=\"lazy\" decoding=\"async\" src=\"https:\/\/mielenzuola.it\/wp-content\/uploads\/check-1-400x400.png\" alt=\"\" width=\"20\" height=\"20\" \/> Eccezionale morbidezza<br \/>\n<img loading=\"lazy\" decoding=\"async\" src=\"https:\/\/mielenzuola.it\/wp-content\/uploads\/check-1-400x400.png\" alt=\"\" width=\"20\" height=\"20\" \/> Chiusura su toggle<br \/>\n<img loading=\"lazy\" decoding=\"async\" src=\"https:\/\/mielenzuola.it\/wp-content\/uploads\/check-1-400x400.png\" alt=\"\" width=\"20\" height=\"20\" \/> Prodotto in Europa<\/p>\n<hr \/>\n<p><strong>Include:<br \/>\n<\/strong>1\u00d7 copripiumino e 1\u00d7 federa<\/p>","protected":false},"featured_media":2585,"template":"","meta":[],"product_brand":[697],"product_cat":[77,68],"product_tag":[265,270,271,429,430,431,644],"class_list":{"0":"post-591","1":"product","2":"type-product","3":"status-publish","4":"has-post-thumbnail","6":"product_brand-pocenirjuhe","7":"product_cat-otroska-posteljnina","8":"product_cat-otroska-soba","9":"product_tag-posteljnina-za-dojencke","10":"product_tag-otroska-posteljnina-120x90-cm","11":"product_tag-otroska-posteljnina-135x100-cm","12":"product_tag-posteljnine-poceni-rjuhe","13":"product_tag-posteljnina-za-otrosko-posteljico","14":"product_tag-poceni-otroska-posteljnina","15":"product_tag-bombazna-posteljnina","16":"pa_barva-bela","17":"pa_barva-2-bela","18":"pa_dim-prevleka-odeja-120x90-cm","19":"pa_dim-prevleka-odeja-135x100-cm","20":"pa_dim-prevleka-vzglavnik-30x40-cm","21":"pa_dim-prevleka-vzglavnik-40x60-cm","22":"pa_motiv-magicni-samorog","24":"first","25":"instock","26":"sale","27":"shipping-taxable","28":"purchasable","29":"product-type-variable"},"yoast_head":"<!-- This site is optimized with the Yoast SEO Premium plugin v25.3.1 (Yoast SEO v26.4) - https:\/\/yoast.com\/wordpress\/plugins\/seo\/ -->\n<title>Posteljnina za dojen\u010dke - Magi\u010dni samorog | 100% Bomba\u017e | Mielenzuola.it<\/title>\n<meta name=\"description\" content=\"Posteljnina za dojen\u010dke Magi\u010dni samorog iz visokokakovostnega 100% bomba\u017ea s pravlji\u010dnim dizajnom. Ustvarite sanjsko sobico \u2013 naro\u010dite zdaj!\" \/>\n<meta name=\"robots\" content=\"noindex, follow, max-snippet:-1, max-image-preview:large, max-video-preview:-1\" \/>\n<meta property=\"og:locale\" content=\"it_IT\" \/>\n<meta property=\"og:type\" content=\"article\" \/>\n<meta property=\"og:title\" content=\"Posteljnina za dojen\u010dke - Magi\u010dni samorog | 100% Bomba\u017e | Mielenzuola.it\" \/>\n<meta property=\"og:description\" content=\"Posteljnina za dojen\u010dke Magi\u010dni samorog iz visokokakovostnega 100% bomba\u017ea s pravlji\u010dnim dizajnom. Ustvarite sanjsko sobico \u2013 naro\u010dite zdaj!\" \/>\n<meta property=\"og:url\" content=\"https:\/\/mielenzuola.it\/it\/prodotto\/parure-copripiumino-per-neonati-unicorno-magico\/\" \/>\n<meta property=\"og:site_name\" content=\"Mielenzuola.it\" \/>\n<meta property=\"article:publisher\" content=\"https:\/\/www.facebook.com\/pocenirjuhe.si\" \/>\n<meta property=\"article:modified_time\" content=\"2025-10-02T12:58:11+00:00\" \/>\n<meta property=\"og:image\" content=\"https:\/\/mielenzuola.it\/wp-content\/uploads\/posteljnina-za-dojencke-z-motivom-magicni-samorog.jpg\" \/>\n\t<meta property=\"og:image:width\" content=\"800\" \/>\n\t<meta property=\"og:image:height\" content=\"800\" \/>\n\t<meta property=\"og:image:type\" content=\"image\/jpeg\" \/>\n<meta name=\"twitter:card\" content=\"summary_large_image\" \/>\n<meta name=\"twitter:title\" content=\"Posteljnina za dojen\u010dke - Magi\u010dni samorog | 100% Bomba\u017e | Mielenzuola.it\" \/>\n<meta name=\"twitter:description\" content=\"Posteljnina za dojen\u010dke Magi\u010dni samorog iz naravnega 100% bomba\u017ea s pravlji\u010dnim dizajnom. Ustvarite sanjsko sobico \u2013 naro\u010dite zdaj!\" \/>\n<meta name=\"twitter:image\" content=\"https:\/\/mielenzuola.it\/wp-content\/uploads\/posteljnina-za-dojencke-z-motivom-magicni-samorog.jpg\" \/>\n<meta name=\"twitter:label1\" content=\"Disponibilit\u00e0\" \/>\n\t<meta name=\"twitter:data1\" content=\"In stock\" \/>\n<script type=\"application\/ld+json\" class=\"yoast-schema-graph\">{\"@context\":\"https:\/\/schema.org\",\"@graph\":[{\"@type\":\"WebPage\",\"@id\":\"https:\/\/mielenzuola.it\/izdelek\/posteljnina-za-dojencke-magicni-samorog\/\",\"url\":\"https:\/\/mielenzuola.it\/izdelek\/posteljnina-za-dojencke-magicni-samorog\/\",\"name\":\"Posteljnina za dojen\u010dke - Magi\u010dni samorog | 100% Bomba\u017e | Mielenzuola.it\",\"isPartOf\":{\"@id\":\"https:\/\/mielenzuola.it\/#website\"},\"primaryImageOfPage\":{\"@id\":\"https:\/\/mielenzuola.it\/izdelek\/posteljnina-za-dojencke-magicni-samorog\/#primaryimage\"},\"image\":{\"@id\":\"https:\/\/mielenzuola.it\/izdelek\/posteljnina-za-dojencke-magicni-samorog\/#primaryimage\"},\"thumbnailUrl\":\"https:\/\/mielenzuola.it\/wp-content\/uploads\/posteljnina-za-dojencke-z-motivom-magicni-samorog.jpg\",\"datePublished\":\"2021-12-18T14:42:18+00:00\",\"dateModified\":\"2025-10-02T12:58:11+00:00\",\"description\":\"Posteljnina za dojen\u010dke Magi\u010dni samorog iz visokokakovostnega 100% bomba\u017ea s pravlji\u010dnim dizajnom. Ustvarite sanjsko sobico \u2013 naro\u010dite zdaj!\",\"breadcrumb\":{\"@id\":\"https:\/\/mielenzuola.it\/izdelek\/posteljnina-za-dojencke-magicni-samorog\/#breadcrumb\"},\"inLanguage\":\"it-IT\",\"potentialAction\":[{\"@type\":\"ReadAction\",\"target\":[\"https:\/\/mielenzuola.it\/izdelek\/posteljnina-za-dojencke-magicni-samorog\/\"]}]},{\"@type\":\"ImageObject\",\"inLanguage\":\"it-IT\",\"@id\":\"https:\/\/mielenzuola.it\/izdelek\/posteljnina-za-dojencke-magicni-samorog\/#primaryimage\",\"url\":\"https:\/\/mielenzuola.it\/wp-content\/uploads\/posteljnina-za-dojencke-z-motivom-magicni-samorog.jpg\",\"contentUrl\":\"https:\/\/mielenzuola.it\/wp-content\/uploads\/posteljnina-za-dojencke-z-motivom-magicni-samorog.jpg\",\"width\":800,\"height\":800,\"caption\":\"Posteljnina za dojen\u010dke z motivom Magi\u010dni samorog\"},{\"@type\":\"BreadcrumbList\",\"@id\":\"https:\/\/mielenzuola.it\/izdelek\/posteljnina-za-dojencke-magicni-samorog\/#breadcrumb\",\"itemListElement\":[{\"@type\":\"ListItem\",\"position\":1,\"name\":\"Home\",\"item\":\"https:\/\/mielenzuola.it\/\"},{\"@type\":\"ListItem\",\"position\":2,\"name\":\"Trgovina\",\"item\":\"https:\/\/mielenzuola.it\/trgovina-pocenirjuhe\/\"},{\"@type\":\"ListItem\",\"position\":3,\"name\":\"Posteljnina za dojen\u010dke &#8211; Magi\u010dni samorog\"}]},{\"@type\":\"WebSite\",\"@id\":\"https:\/\/mielenzuola.it\/#website\",\"url\":\"https:\/\/mielenzuola.it\/\",\"name\":\"Pocenirjuhe.si\",\"description\":\"Dove il cotone \u00e8 di casa.\",\"publisher\":{\"@id\":\"https:\/\/mielenzuola.it\/#organization\"},\"potentialAction\":[{\"@type\":\"SearchAction\",\"target\":{\"@type\":\"EntryPoint\",\"urlTemplate\":\"https:\/\/mielenzuola.it\/?s={search_term_string}\"},\"query-input\":{\"@type\":\"PropertyValueSpecification\",\"valueRequired\":true,\"valueName\":\"search_term_string\"}}],\"inLanguage\":\"it-IT\"},{\"@type\":[\"Organization\",\"Place\"],\"@id\":\"https:\/\/mielenzuola.it\/#organization\",\"name\":\"Pocenirjuhe.si\",\"url\":\"https:\/\/mielenzuola.it\/\",\"logo\":{\"@id\":\"https:\/\/mielenzuola.it\/izdelek\/posteljnina-za-dojencke-magicni-samorog\/#local-main-organization-logo\"},\"image\":{\"@id\":\"https:\/\/mielenzuola.it\/izdelek\/posteljnina-za-dojencke-magicni-samorog\/#local-main-organization-logo\"},\"sameAs\":[\"https:\/\/www.facebook.com\/pocenirjuhe.si\",\"https:\/\/www.instagram.com\/pocenirjuhe.si\/\"],\"legalName\":\"REPLANT d.o.o.\",\"foundingDate\":\"2021-07-23\",\"hasMerchantReturnPolicy\":{\"@type\":\"MerchantReturnPolicy\",\"merchantReturnLink\":\"https:\/\/mielenzuola.it\/it\/termini-e-condizioni\/\"},\"address\":{\"@id\":\"https:\/\/mielenzuola.it\/izdelek\/posteljnina-za-dojencke-magicni-samorog\/#local-main-place-address\"},\"telephone\":[\"051 787 007\"],\"openingHoursSpecification\":[{\"@type\":\"OpeningHoursSpecification\",\"dayOfWeek\":[\"Monday\",\"Tuesday\",\"Wednesday\",\"Thursday\",\"Friday\"],\"opens\":\"08:00\",\"closes\":\"16:00\"},{\"@type\":\"OpeningHoursSpecification\",\"dayOfWeek\":[\"Saturday\",\"Sunday\"],\"opens\":\"00:00\",\"closes\":\"00:00\"}],\"email\":\"info@mielenzuola.it\",\"vatID\":\"SI66253012\"},{\"@type\":\"PostalAddress\",\"@id\":\"https:\/\/mielenzuola.it\/izdelek\/posteljnina-za-dojencke-magicni-samorog\/#local-main-place-address\",\"streetAddress\":\"Obrtni\u0161ka ulica 30\",\"addressLocality\":\"Koper\",\"postalCode\":\"6000\",\"addressCountry\":\"SI\"},{\"@type\":\"ImageObject\",\"inLanguage\":\"it-IT\",\"@id\":\"https:\/\/mielenzuola.it\/izdelek\/posteljnina-za-dojencke-magicni-samorog\/#local-main-organization-logo\",\"url\":\"https:\/\/mielenzuola.it\/wp-content\/uploads\/ikona-pocenirjuhe.jpg\",\"contentUrl\":\"https:\/\/mielenzuola.it\/wp-content\/uploads\/ikona-pocenirjuhe.jpg\",\"width\":225,\"height\":225,\"caption\":\"Pocenirjuhe.si\"}]}<\/script>\n<meta property=\"og:availability\" content=\"instock\" \/>\n<meta property=\"product:availability\" content=\"instock\" \/>\n<meta property=\"product:retailer_item_id\" content=\"PDMS\" \/>\n<meta property=\"product:condition\" content=\"new\" \/>\n<meta name=\"geo.placename\" content=\"Koper\" \/>\n<meta name=\"geo.region\" content=\"Slovenia\" \/>\n<!-- \/ Yoast SEO Premium plugin. -->","yoast_head_json":{"title":"Biancheria da letto per bambini - Unicorno magico | 100% Cotone | Mielenzuola.it","description":"Biancheria da letto per bambini Magic Unicorn in cotone 100% di alta qualit\u00e0 con un design da favola. Crea la stanza dei tuoi sogni: ordina ora!","robots":{"index":"noindex","follow":"follow","max-snippet":"max-snippet:-1","max-image-preview":"max-image-preview:large","max-video-preview":"max-video-preview:-1"},"og_locale":"it_IT","og_type":"article","og_title":"Posteljnina za dojen\u010dke - Magi\u010dni samorog | 100% Bomba\u017e | Mielenzuola.it","og_description":"Posteljnina za dojen\u010dke Magi\u010dni samorog iz visokokakovostnega 100% bomba\u017ea s pravlji\u010dnim dizajnom. Ustvarite sanjsko sobico \u2013 naro\u010dite zdaj!","og_url":"https:\/\/mielenzuola.it\/it\/prodotto\/parure-copripiumino-per-neonati-unicorno-magico\/","og_site_name":"Mielenzuola.it","article_publisher":"https:\/\/www.facebook.com\/pocenirjuhe.si","article_modified_time":"2025-10-02T12:58:11+00:00","og_image":[{"width":800,"height":800,"url":"https:\/\/mielenzuola.it\/wp-content\/uploads\/posteljnina-za-dojencke-z-motivom-magicni-samorog.jpg","type":"image\/jpeg"}],"twitter_card":"summary_large_image","twitter_title":"Posteljnina za dojen\u010dke - Magi\u010dni samorog | 100% Bomba\u017e | Mielenzuola.it","twitter_description":"Posteljnina za dojen\u010dke Magi\u010dni samorog iz naravnega 100% bomba\u017ea s pravlji\u010dnim dizajnom. Ustvarite sanjsko sobico \u2013 naro\u010dite zdaj!","twitter_image":"https:\/\/mielenzuola.it\/wp-content\/uploads\/posteljnina-za-dojencke-z-motivom-magicni-samorog.jpg","twitter_misc":{"Disponibilit\u00e0":"In stock"},"schema":{"@context":"https:\/\/schema.org","@graph":[{"@type":"WebPage","@id":"https:\/\/mielenzuola.it\/izdelek\/posteljnina-za-dojencke-magicni-samorog\/","url":"https:\/\/mielenzuola.it\/izdelek\/posteljnina-za-dojencke-magicni-samorog\/","name":"Biancheria da letto per bambini - Unicorno magico | 100% Cotone | Mielenzuola.it","isPartOf":{"@id":"https:\/\/mielenzuola.it\/#website"},"primaryImageOfPage":{"@id":"https:\/\/mielenzuola.it\/izdelek\/posteljnina-za-dojencke-magicni-samorog\/#primaryimage"},"image":{"@id":"https:\/\/mielenzuola.it\/izdelek\/posteljnina-za-dojencke-magicni-samorog\/#primaryimage"},"thumbnailUrl":"https:\/\/mielenzuola.it\/wp-content\/uploads\/posteljnina-za-dojencke-z-motivom-magicni-samorog.jpg","datePublished":"2021-12-18T14:42:18+00:00","dateModified":"2025-10-02T12:58:11+00:00","description":"Biancheria da letto per bambini Magic Unicorn in cotone 100% di alta qualit\u00e0 con un design da favola. Crea la stanza dei tuoi sogni: ordina ora!","breadcrumb":{"@id":"https:\/\/mielenzuola.it\/izdelek\/posteljnina-za-dojencke-magicni-samorog\/#breadcrumb"},"inLanguage":"it-IT","potentialAction":[{"@type":"ReadAction","target":["https:\/\/mielenzuola.it\/izdelek\/posteljnina-za-dojencke-magicni-samorog\/"]}]},{"@type":"ImageObject","inLanguage":"it-IT","@id":"https:\/\/mielenzuola.it\/izdelek\/posteljnina-za-dojencke-magicni-samorog\/#primaryimage","url":"https:\/\/mielenzuola.it\/wp-content\/uploads\/posteljnina-za-dojencke-z-motivom-magicni-samorog.jpg","contentUrl":"https:\/\/mielenzuola.it\/wp-content\/uploads\/posteljnina-za-dojencke-z-motivom-magicni-samorog.jpg","width":800,"height":800,"caption":"Posteljnina za dojen\u010dke z motivom Magi\u010dni samorog"},{"@type":"BreadcrumbList","@id":"https:\/\/mielenzuola.it\/izdelek\/posteljnina-za-dojencke-magicni-samorog\/#breadcrumb","itemListElement":[{"@type":"ListItem","position":1,"name":"Home","item":"https:\/\/mielenzuola.it\/"},{"@type":"ListItem","position":2,"name":"Trgovina","item":"https:\/\/mielenzuola.it\/trgovina-pocenirjuhe\/"},{"@type":"ListItem","position":3,"name":"Posteljnina za dojen\u010dke &#8211; Magi\u010dni samorog"}]},{"@type":"WebSite","@id":"https:\/\/mielenzuola.it\/#website","url":"https:\/\/mielenzuola.it\/","name":"Economicoirjuhe.si","description":"Dove il cotone \u00e8 di casa.","publisher":{"@id":"https:\/\/mielenzuola.it\/#organization"},"potentialAction":[{"@type":"SearchAction","target":{"@type":"EntryPoint","urlTemplate":"https:\/\/mielenzuola.it\/?s={search_term_string}"},"query-input":{"@type":"PropertyValueSpecification","valueRequired":true,"valueName":"search_term_string"}}],"inLanguage":"it-IT"},{"@type":["Organization","Place"],"@id":"https:\/\/mielenzuola.it\/#organization","name":"Economicoirjuhe.si","url":"https:\/\/mielenzuola.it\/","logo":{"@id":"https:\/\/mielenzuola.it\/izdelek\/posteljnina-za-dojencke-magicni-samorog\/#local-main-organization-logo"},"image":{"@id":"https:\/\/mielenzuola.it\/izdelek\/posteljnina-za-dojencke-magicni-samorog\/#local-main-organization-logo"},"sameAs":["https:\/\/www.facebook.com\/pocenirjuhe.si","https:\/\/www.instagram.com\/pocenirjuhe.si\/"],"legalName":"REPLANT d.o.o.","foundingDate":"2021-07-23","hasMerchantReturnPolicy":{"@type":"MerchantReturnPolicy","merchantReturnLink":"https:\/\/mielenzuola.it\/it\/termini-e-condizioni\/"},"address":{"@id":"https:\/\/mielenzuola.it\/izdelek\/posteljnina-za-dojencke-magicni-samorog\/#local-main-place-address"},"telephone":["051 787 007"],"openingHoursSpecification":[{"@type":"OpeningHoursSpecification","dayOfWeek":["Monday","Tuesday","Wednesday","Thursday","Friday"],"opens":"08:00","closes":"16:00"},{"@type":"OpeningHoursSpecification","dayOfWeek":["Saturday","Sunday"],"opens":"00:00","closes":"00:00"}],"email":"info@mielenzuola.it","vatID":"SI66253012"},{"@type":"PostalAddress","@id":"https:\/\/mielenzuola.it\/izdelek\/posteljnina-za-dojencke-magicni-samorog\/#local-main-place-address","streetAddress":"Obrtni\u0161ka ulica 30","addressLocality":"Koper","postalCode":"6000","addressCountry":"SI"},{"@type":"ImageObject","inLanguage":"it-IT","@id":"https:\/\/mielenzuola.it\/izdelek\/posteljnina-za-dojencke-magicni-samorog\/#local-main-organization-logo","url":"https:\/\/mielenzuola.it\/wp-content\/uploads\/ikona-pocenirjuhe.jpg","contentUrl":"https:\/\/mielenzuola.it\/wp-content\/uploads\/ikona-pocenirjuhe.jpg","width":225,"height":225,"caption":"Pocenirjuhe.si"}]},"og_availability":"instock","product_availability":"instock","product_retailer_item_id":"PDMS","product_condition":"new","geo.placename":"Koper","geo.region":"Slovenia"},"_links":{"self":[{"href":"https:\/\/mielenzuola.it\/it\/wp-json\/wp\/v2\/product\/591","targetHints":{"allow":["GET"]}}],"collection":[{"href":"https:\/\/mielenzuola.it\/it\/wp-json\/wp\/v2\/product"}],"about":[{"href":"https:\/\/mielenzuola.it\/it\/wp-json\/wp\/v2\/types\/product"}],"wp:featuredmedia":[{"embeddable":true,"href":"https:\/\/mielenzuola.it\/it\/wp-json\/wp\/v2\/media\/2585"}],"wp:attachment":[{"href":"https:\/\/mielenzuola.it\/it\/wp-json\/wp\/v2\/media?parent=591"}],"wp:term":[{"taxonomy":"product_brand","embeddable":true,"href":"https:\/\/mielenzuola.it\/it\/wp-json\/wp\/v2\/product_brand?post=591"},{"taxonomy":"product_cat","embeddable":true,"href":"https:\/\/mielenzuola.it\/it\/wp-json\/wp\/v2\/product_cat?post=591"},{"taxonomy":"product_tag","embeddable":true,"href":"https:\/\/mielenzuola.it\/it\/wp-json\/wp\/v2\/product_tag?post=591"}],"curies":[{"name":"wp","href":"https:\/\/api.w.org\/{rel}","templated":true}]}}