{"id":6220,"date":"2022-05-25T11:24:57","date_gmt":"2022-05-25T11:24:57","guid":{"rendered":"https:\/\/mielenzuola.it\/?post_type=product&#038;p=6220"},"modified":"2025-10-02T12:53:49","modified_gmt":"2025-10-02T12:53:49","slug":"copriletto-multiuso-frotirko-viola","status":"publish","type":"product","link":"https:\/\/mielenzuola.it\/it\/prodotto\/copriletto-multiuso-frotirko-viola\/","title":{"rendered":"Copripiumino multifunzionale Frotirko - Viola"},"content":{"rendered":"<h2>Copripiumino multifunzionale Frotirko - Viola<\/h2>\n<p>Estremamente morbido e di alta qualit\u00e0 <strong>ve\u010dnamensko pregrinjalo Frotirko &#8211; Vijoli\u010dna <\/strong>\u00e8 cos\u00ec versatile che diventer\u00e0 un complemento indispensabile per la camera da letto, il soggiorno, gli accessori per le vacanze e non solo. Combina comfort, praticit\u00e0 e un bellissimo motivo.<\/p>\n<p>La copertura \u00e8 realizzata in <strong>in cotone 100%<\/strong>, che ha <strong>Certificazione OEKO-TEX Standard 100<\/strong>, il che significa che il materiale \u00e8 testato per le sostanze nocive ed \u00e8 sicuro per il contatto con la pelle, anche per gli utenti sensibili e i bambini. Tessuto realizzato in <strong>frotirja\u00a0<\/strong>400 g\/m<sup>2<\/sup> \u00e8 caratteristicamente morbido, assorbente e resistente.<\/p>\n<h3>Il copriletto Frotirko convince per la sua versatilit\u00e0:<\/h3>\n<p>\ud83d\udc49 Utilizzatelo come <strong>copriletto decorativo<\/strong>, che protegge anche le coperte e i cuscini dalla polvere e dallo sporco.<\/p>\n<p>\ud83d\udc49 Perfetto come lettino in vacanza <strong>tappetino da spiaggia <\/strong>o <strong>copertura per sedia a sdraio<\/strong> a bordo piscina, in spiaggia o a casa.<\/p>\n<p>\ud83d\udc49 Nelle notti pi\u00f9 calde, pu\u00f2 trasformarsi in <strong>una leggera coperta estiva<\/strong> - anche quando si \u00e8 in campeggio o in tenda. In inverno, pu\u00f2 essere utilizzato come copertura supplementare.<\/p>\n<p>\ud83d\udc49 Funziona benissimo come <strong>coperta da picnic<\/strong> o morbido<strong> tappetino da gioco<\/strong> i vostri piccoli all'aperto.<\/p>\n<p>\ud83d\udc49 E pu\u00f2 anche assumere una funzione in salotto <strong>copridivano<\/strong>, perch\u00e9 lo protegger\u00e0 efficacemente dalle macchie e dallo sporco, pur essendo sempre a portata di mano come un <strong>mantello<\/strong>, quando si ha freddo mentre si guarda la TV o si legge un libro.<\/p>\n<p>Con il suo design moderno e i suoi colori pastello, si adatta perfettamente a qualsiasi casa. Inoltre, grazie alla pratica confezione in dotazione, trasportare e riporre la copertina \u00e8 il pi\u00f9 semplice possibile.<\/p>\n<p>Il copripiumino \u00e8 lavabile in lavatrice a 60\u00b0. Per i tessuti in spugna, si sconsiglia un dosaggio eccessivo di ammorbidente, poich\u00e9 riduce l'assorbenza della spugna. Anche la stiratura \u00e8 sconsigliata, poich\u00e9 le asole del tessuto di spugna vengono soppresse dalla stiratura.<\/p>\n<p><strong>\u00c8 disponibile in due dimensioni:<\/strong><\/p>\n<ul>\n<li>150\u00d7200 cm<\/li>\n<li>200\u00d7200 cm<\/li>\n<\/ul>\n<p>Scoprite il comfort e la versatilit\u00e0 del copriletto Frotirko e regalatevi il compagno perfetto per la casa, le vacanze e il tempo libero.<\/p>\n<hr \/>\n<p>\u00c8 possibile scegliere anche tra altri splendidi colori <a href=\"https:\/\/mielenzuola.it\/it\/categoria-prodotto\/camera-da-letto\/copriletti\/\">Copriletti Frotirko<\/a>: <a href=\"https:\/\/mielenzuola.it\/it\/prodotto\/copriletto-multiuso-frotirko-beige\/\">corsa<\/a>, <a href=\"https:\/\/mielenzuola.it\/it\/prodotto\/copriletto-multiuso-frotirko-grigio\/\">grigio<\/a>, <a href=\"https:\/\/mielenzuola.it\/it\/prodotto\/copriletto-multiuso-frotirko-marrone\/\">Marrone<\/a>, <a href=\"https:\/\/mielenzuola.it\/it\/prodotto\/copriletto-multiuso-frotirko-blu\/\">Blu<\/a>, <a href=\"https:\/\/mielenzuola.it\/it\/prodotto\/copriletto-multiuso-frotirko-vaniglia\/\">vaniglia<\/a> e <a href=\"https:\/\/mielenzuola.it\/it\/prodotto\/copriletto-multiuso-frotirko-albicocca\/\">Albicocca<\/a>.<\/p>\n<p>\ud83d\udc49 Esplorate l'offerta completa nel nostro sito web <a href=\"https:\/\/mielenzuola.it\/it\/\">negozio online Pocenirjuhe.si<\/a> - dalla biancheria da letto e dalle lenzuola alle trapunte e ai cuscini. Tutto per il vostro totale comfort <a href=\"https:\/\/mielenzuola.it\/it\/categoria-prodotto\/camera-da-letto\/\">camere da letto<\/a> in un unico luogo.<\/p>","protected":false},"excerpt":{"rendered":"<p><strong>Utilizzo versatile:<\/strong><br \/>\n<img loading=\"lazy\" decoding=\"async\" src=\"https:\/\/mielenzuola.it\/wp-content\/uploads\/check-1-400x400.png\" alt=\"\" width=\"20\" height=\"20\" \/>\u00a0Protezioni per letti o divani<br \/>\n<img loading=\"lazy\" decoding=\"async\" src=\"https:\/\/mielenzuola.it\/wp-content\/uploads\/check-1-400x400.png\" alt=\"\" width=\"20\" height=\"20\" \/> Lettino da spiaggia<br \/>\n<img loading=\"lazy\" decoding=\"async\" src=\"https:\/\/mielenzuola.it\/wp-content\/uploads\/check-1-400x400.png\" alt=\"\" width=\"20\" height=\"20\" \/> Coperta da picnic<br \/>\n<img loading=\"lazy\" decoding=\"async\" src=\"https:\/\/mielenzuola.it\/wp-content\/uploads\/check-1-400x400.png\" alt=\"\" width=\"20\" height=\"20\" \/> Copricapo estivo leggero<br \/>\n<img loading=\"lazy\" decoding=\"async\" src=\"https:\/\/mielenzuola.it\/wp-content\/uploads\/check-1-400x400.png\" alt=\"\" width=\"20\" height=\"20\" \/> Accessorio decorativo<\/p>\n<p><strong>Alta qualit\u00e0:<\/strong><br \/>\n<img loading=\"lazy\" decoding=\"async\" src=\"https:\/\/mielenzuola.it\/wp-content\/uploads\/check-1-400x400.png\" alt=\"\" width=\"20\" height=\"20\" \/> 100% spugna di cotone<br \/>\n<img loading=\"lazy\" decoding=\"async\" src=\"https:\/\/mielenzuola.it\/wp-content\/uploads\/check-1-400x400.png\" alt=\"\" width=\"20\" height=\"20\" \/> Realizzato in materiale certificato OEKO-TEX Standard 100<br \/>\n<img loading=\"lazy\" decoding=\"async\" src=\"https:\/\/mielenzuola.it\/wp-content\/uploads\/check-1-400x400.png\" alt=\"\" width=\"20\" height=\"20\" \/> Eccezionale morbidezza<br \/>\n<img loading=\"lazy\" decoding=\"async\" src=\"https:\/\/mielenzuola.it\/wp-content\/uploads\/check-1-400x400.png\" alt=\"\" width=\"20\" height=\"20\" \/> Prodotto in Europa<\/p>","protected":false},"featured_media":6223,"template":"","meta":[],"product_brand":[697],"product_cat":[15,490],"product_tag":[642,484,486,487,488,641],"class_list":{"0":"post-6220","1":"product","2":"type-product","3":"status-publish","4":"has-post-thumbnail","6":"product_brand-pocenirjuhe","7":"product_cat-spalnica","8":"product_cat-posteljna-pregrinjala","9":"product_tag-bombazno-pregrinjalo","10":"product_tag-pregrinjalo-za-posteljo","11":"product_tag-pregrinjalo-za-kavc","12":"product_tag-piknik-odeja","13":"product_tag-podloga-za-plazo","14":"product_tag-okrasno-pregrinjalo-za-posteljo","15":"pa_barva-vijolicna","16":"pa_barva-2-vijolicna","17":"pa_dimenzija-150x200-cm","18":"pa_dimenzija-200x200","20":"first","21":"instock","22":"sale","23":"shipping-taxable","24":"purchasable","25":"product-type-variable"},"yoast_head":"<!-- This site is optimized with the Yoast SEO Premium plugin v25.3.1 (Yoast SEO v26.4) - https:\/\/yoast.com\/wordpress\/plugins\/seo\/ -->\n<title>Ve\u010dnamensko pregrinjalo Frotirko - Vijoli\u010dna | 100% Bomba\u017e | Mielenzuola.it<\/title>\n<meta name=\"description\" content=\"Ve\u010dnamensko pregrinjalo Frotirko \u2013 Vijoli\u010dna navdu\u0161uje z vsestransko uporabnostjo. Uporabite ga kot pregrinjalo, poletno odejo ali podlogo. Naro\u010dite zdaj!\" \/>\n<meta name=\"robots\" content=\"noindex, follow, max-snippet:-1, max-image-preview:large, max-video-preview:-1\" \/>\n<meta property=\"og:locale\" content=\"it_IT\" \/>\n<meta property=\"og:type\" content=\"article\" \/>\n<meta property=\"og:title\" content=\"Ve\u010dnamensko pregrinjalo Frotirko - Vijoli\u010dna | 100% Bomba\u017e | Mielenzuola.it\" \/>\n<meta property=\"og:description\" content=\"Ve\u010dnamensko pregrinjalo Frotirko \u2013 Vijoli\u010dna navdu\u0161uje z vsestransko uporabnostjo. Uporabite ga kot pregrinjalo, poletno odejo ali podlogo. Naro\u010dite zdaj!\" \/>\n<meta property=\"og:url\" content=\"https:\/\/mielenzuola.it\/it\/prodotto\/copriletto-multiuso-frotirko-viola\/\" \/>\n<meta property=\"og:site_name\" content=\"Mielenzuola.it\" \/>\n<meta property=\"article:publisher\" content=\"https:\/\/www.facebook.com\/pocenirjuhe.si\" \/>\n<meta property=\"article:modified_time\" content=\"2025-10-02T12:53:49+00:00\" \/>\n<meta property=\"og:image\" content=\"https:\/\/mielenzuola.it\/wp-content\/uploads\/vecnamensko-pregrinjalo-frotirko-vijolicna-barva.jpg\" \/>\n\t<meta property=\"og:image:width\" content=\"800\" \/>\n\t<meta property=\"og:image:height\" content=\"800\" \/>\n\t<meta property=\"og:image:type\" content=\"image\/jpeg\" \/>\n<meta name=\"twitter:card\" content=\"summary_large_image\" \/>\n<meta name=\"twitter:title\" content=\"Ve\u010dnamensko pregrinjalo Frotirko - Vijoli\u010dna | 100% Bomba\u017e | Mielenzuola.it\" \/>\n<meta name=\"twitter:description\" content=\"Ve\u010dnamensko pregrinjalo Frotirko \u2013 Vijoli\u010dna navdu\u0161uje z vsestransko uporabnostjo - kot pregrinjalo, poletna odeja ali podloga. Naro\u010dite zdaj!\" \/>\n<meta name=\"twitter:image\" content=\"https:\/\/mielenzuola.it\/wp-content\/uploads\/vecnamensko-pregrinjalo-frotirko-vijolicna-barva.jpg\" \/>\n<meta name=\"twitter:label1\" content=\"Disponibilit\u00e0\" \/>\n\t<meta name=\"twitter:data1\" content=\"In stock\" \/>\n<script type=\"application\/ld+json\" class=\"yoast-schema-graph\">{\"@context\":\"https:\/\/schema.org\",\"@graph\":[{\"@type\":\"WebPage\",\"@id\":\"https:\/\/mielenzuola.it\/izdelek\/vecnamensko-pregrinjalo-frotirko-vijolicna\/\",\"url\":\"https:\/\/mielenzuola.it\/izdelek\/vecnamensko-pregrinjalo-frotirko-vijolicna\/\",\"name\":\"Ve\u010dnamensko pregrinjalo Frotirko - Vijoli\u010dna | 100% Bomba\u017e | Mielenzuola.it\",\"isPartOf\":{\"@id\":\"https:\/\/mielenzuola.it\/#website\"},\"primaryImageOfPage\":{\"@id\":\"https:\/\/mielenzuola.it\/izdelek\/vecnamensko-pregrinjalo-frotirko-vijolicna\/#primaryimage\"},\"image\":{\"@id\":\"https:\/\/mielenzuola.it\/izdelek\/vecnamensko-pregrinjalo-frotirko-vijolicna\/#primaryimage\"},\"thumbnailUrl\":\"https:\/\/mielenzuola.it\/wp-content\/uploads\/vecnamensko-pregrinjalo-frotirko-vijolicna-barva.jpg\",\"datePublished\":\"2022-05-25T11:24:57+00:00\",\"dateModified\":\"2025-10-02T12:53:49+00:00\",\"description\":\"Ve\u010dnamensko pregrinjalo Frotirko \u2013 Vijoli\u010dna navdu\u0161uje z vsestransko uporabnostjo. Uporabite ga kot pregrinjalo, poletno odejo ali podlogo. Naro\u010dite zdaj!\",\"breadcrumb\":{\"@id\":\"https:\/\/mielenzuola.it\/izdelek\/vecnamensko-pregrinjalo-frotirko-vijolicna\/#breadcrumb\"},\"inLanguage\":\"it-IT\",\"potentialAction\":[{\"@type\":\"ReadAction\",\"target\":[\"https:\/\/mielenzuola.it\/izdelek\/vecnamensko-pregrinjalo-frotirko-vijolicna\/\"]}]},{\"@type\":\"ImageObject\",\"inLanguage\":\"it-IT\",\"@id\":\"https:\/\/mielenzuola.it\/izdelek\/vecnamensko-pregrinjalo-frotirko-vijolicna\/#primaryimage\",\"url\":\"https:\/\/mielenzuola.it\/wp-content\/uploads\/vecnamensko-pregrinjalo-frotirko-vijolicna-barva.jpg\",\"contentUrl\":\"https:\/\/mielenzuola.it\/wp-content\/uploads\/vecnamensko-pregrinjalo-frotirko-vijolicna-barva.jpg\",\"width\":800,\"height\":800,\"caption\":\"Ve\u010dnamensko pregrinjalo Frotirko, vijoli\u010dna barva\"},{\"@type\":\"BreadcrumbList\",\"@id\":\"https:\/\/mielenzuola.it\/izdelek\/vecnamensko-pregrinjalo-frotirko-vijolicna\/#breadcrumb\",\"itemListElement\":[{\"@type\":\"ListItem\",\"position\":1,\"name\":\"Home\",\"item\":\"https:\/\/mielenzuola.it\/\"},{\"@type\":\"ListItem\",\"position\":2,\"name\":\"Trgovina\",\"item\":\"https:\/\/mielenzuola.it\/trgovina-pocenirjuhe\/\"},{\"@type\":\"ListItem\",\"position\":3,\"name\":\"Ve\u010dnamensko pregrinjalo Frotirko &#8211; Vijoli\u010dna\"}]},{\"@type\":\"WebSite\",\"@id\":\"https:\/\/mielenzuola.it\/#website\",\"url\":\"https:\/\/mielenzuola.it\/\",\"name\":\"Pocenirjuhe.si\",\"description\":\"Dove il cotone \u00e8 di casa.\",\"publisher\":{\"@id\":\"https:\/\/mielenzuola.it\/#organization\"},\"potentialAction\":[{\"@type\":\"SearchAction\",\"target\":{\"@type\":\"EntryPoint\",\"urlTemplate\":\"https:\/\/mielenzuola.it\/?s={search_term_string}\"},\"query-input\":{\"@type\":\"PropertyValueSpecification\",\"valueRequired\":true,\"valueName\":\"search_term_string\"}}],\"inLanguage\":\"it-IT\"},{\"@type\":[\"Organization\",\"Place\"],\"@id\":\"https:\/\/mielenzuola.it\/#organization\",\"name\":\"Pocenirjuhe.si\",\"url\":\"https:\/\/mielenzuola.it\/\",\"logo\":{\"@id\":\"https:\/\/mielenzuola.it\/izdelek\/vecnamensko-pregrinjalo-frotirko-vijolicna\/#local-main-organization-logo\"},\"image\":{\"@id\":\"https:\/\/mielenzuola.it\/izdelek\/vecnamensko-pregrinjalo-frotirko-vijolicna\/#local-main-organization-logo\"},\"sameAs\":[\"https:\/\/www.facebook.com\/pocenirjuhe.si\",\"https:\/\/www.instagram.com\/pocenirjuhe.si\/\"],\"legalName\":\"REPLANT d.o.o.\",\"foundingDate\":\"2021-07-23\",\"hasMerchantReturnPolicy\":{\"@type\":\"MerchantReturnPolicy\",\"merchantReturnLink\":\"https:\/\/mielenzuola.it\/it\/termini-e-condizioni\/\"},\"address\":{\"@id\":\"https:\/\/mielenzuola.it\/izdelek\/vecnamensko-pregrinjalo-frotirko-vijolicna\/#local-main-place-address\"},\"telephone\":[\"051 787 007\"],\"openingHoursSpecification\":[{\"@type\":\"OpeningHoursSpecification\",\"dayOfWeek\":[\"Monday\",\"Tuesday\",\"Wednesday\",\"Thursday\",\"Friday\"],\"opens\":\"08:00\",\"closes\":\"16:00\"},{\"@type\":\"OpeningHoursSpecification\",\"dayOfWeek\":[\"Saturday\",\"Sunday\"],\"opens\":\"00:00\",\"closes\":\"00:00\"}],\"email\":\"info@mielenzuola.it\",\"vatID\":\"SI66253012\"},{\"@type\":\"PostalAddress\",\"@id\":\"https:\/\/mielenzuola.it\/izdelek\/vecnamensko-pregrinjalo-frotirko-vijolicna\/#local-main-place-address\",\"streetAddress\":\"Obrtni\u0161ka ulica 30\",\"addressLocality\":\"Koper\",\"postalCode\":\"6000\",\"addressCountry\":\"SI\"},{\"@type\":\"ImageObject\",\"inLanguage\":\"it-IT\",\"@id\":\"https:\/\/mielenzuola.it\/izdelek\/vecnamensko-pregrinjalo-frotirko-vijolicna\/#local-main-organization-logo\",\"url\":\"https:\/\/mielenzuola.it\/wp-content\/uploads\/ikona-pocenirjuhe.jpg\",\"contentUrl\":\"https:\/\/mielenzuola.it\/wp-content\/uploads\/ikona-pocenirjuhe.jpg\",\"width\":225,\"height\":225,\"caption\":\"Pocenirjuhe.si\"}]}<\/script>\n<meta property=\"og:availability\" content=\"instock\" \/>\n<meta property=\"product:availability\" content=\"instock\" \/>\n<meta property=\"product:retailer_item_id\" content=\"VPFVI\" \/>\n<meta property=\"product:condition\" content=\"new\" \/>\n<meta name=\"geo.placename\" content=\"Koper\" \/>\n<meta name=\"geo.region\" content=\"Slovenia\" \/>\n<!-- \/ Yoast SEO Premium plugin. -->","yoast_head_json":{"title":"Ve\u010dnamensko pregrinjalo Frotirko - Vijoli\u010dna | 100% Bomba\u017e | Mielenzuola.it","description":"Ve\u010dnamensko pregrinjalo Frotirko \u2013 Vijoli\u010dna navdu\u0161uje z vsestransko uporabnostjo. Uporabite ga kot pregrinjalo, poletno odejo ali podlogo. Naro\u010dite zdaj!","robots":{"index":"noindex","follow":"follow","max-snippet":"max-snippet:-1","max-image-preview":"max-image-preview:large","max-video-preview":"max-video-preview:-1"},"og_locale":"it_IT","og_type":"article","og_title":"Ve\u010dnamensko pregrinjalo Frotirko - Vijoli\u010dna | 100% Bomba\u017e | Mielenzuola.it","og_description":"Ve\u010dnamensko pregrinjalo Frotirko \u2013 Vijoli\u010dna navdu\u0161uje z vsestransko uporabnostjo. Uporabite ga kot pregrinjalo, poletno odejo ali podlogo. Naro\u010dite zdaj!","og_url":"https:\/\/mielenzuola.it\/it\/prodotto\/copriletto-multiuso-frotirko-viola\/","og_site_name":"Mielenzuola.it","article_publisher":"https:\/\/www.facebook.com\/pocenirjuhe.si","article_modified_time":"2025-10-02T12:53:49+00:00","og_image":[{"width":800,"height":800,"url":"https:\/\/mielenzuola.it\/wp-content\/uploads\/vecnamensko-pregrinjalo-frotirko-vijolicna-barva.jpg","type":"image\/jpeg"}],"twitter_card":"summary_large_image","twitter_title":"Ve\u010dnamensko pregrinjalo Frotirko - Vijoli\u010dna | 100% Bomba\u017e | Mielenzuola.it","twitter_description":"Ve\u010dnamensko pregrinjalo Frotirko \u2013 Vijoli\u010dna navdu\u0161uje z vsestransko uporabnostjo - kot pregrinjalo, poletna odeja ali podloga. Naro\u010dite zdaj!","twitter_image":"https:\/\/mielenzuola.it\/wp-content\/uploads\/vecnamensko-pregrinjalo-frotirko-vijolicna-barva.jpg","twitter_misc":{"Disponibilit\u00e0":"In stock"},"schema":{"@context":"https:\/\/schema.org","@graph":[{"@type":"WebPage","@id":"https:\/\/mielenzuola.it\/izdelek\/vecnamensko-pregrinjalo-frotirko-vijolicna\/","url":"https:\/\/mielenzuola.it\/izdelek\/vecnamensko-pregrinjalo-frotirko-vijolicna\/","name":"Ve\u010dnamensko pregrinjalo Frotirko - Vijoli\u010dna | 100% Bomba\u017e | Mielenzuola.it","isPartOf":{"@id":"https:\/\/mielenzuola.it\/#website"},"primaryImageOfPage":{"@id":"https:\/\/mielenzuola.it\/izdelek\/vecnamensko-pregrinjalo-frotirko-vijolicna\/#primaryimage"},"image":{"@id":"https:\/\/mielenzuola.it\/izdelek\/vecnamensko-pregrinjalo-frotirko-vijolicna\/#primaryimage"},"thumbnailUrl":"https:\/\/mielenzuola.it\/wp-content\/uploads\/vecnamensko-pregrinjalo-frotirko-vijolicna-barva.jpg","datePublished":"2022-05-25T11:24:57+00:00","dateModified":"2025-10-02T12:53:49+00:00","description":"Ve\u010dnamensko pregrinjalo Frotirko \u2013 Vijoli\u010dna navdu\u0161uje z vsestransko uporabnostjo. Uporabite ga kot pregrinjalo, poletno odejo ali podlogo. Naro\u010dite zdaj!","breadcrumb":{"@id":"https:\/\/mielenzuola.it\/izdelek\/vecnamensko-pregrinjalo-frotirko-vijolicna\/#breadcrumb"},"inLanguage":"it-IT","potentialAction":[{"@type":"ReadAction","target":["https:\/\/mielenzuola.it\/izdelek\/vecnamensko-pregrinjalo-frotirko-vijolicna\/"]}]},{"@type":"ImageObject","inLanguage":"it-IT","@id":"https:\/\/mielenzuola.it\/izdelek\/vecnamensko-pregrinjalo-frotirko-vijolicna\/#primaryimage","url":"https:\/\/mielenzuola.it\/wp-content\/uploads\/vecnamensko-pregrinjalo-frotirko-vijolicna-barva.jpg","contentUrl":"https:\/\/mielenzuola.it\/wp-content\/uploads\/vecnamensko-pregrinjalo-frotirko-vijolicna-barva.jpg","width":800,"height":800,"caption":"Ve\u010dnamensko pregrinjalo Frotirko, vijoli\u010dna barva"},{"@type":"BreadcrumbList","@id":"https:\/\/mielenzuola.it\/izdelek\/vecnamensko-pregrinjalo-frotirko-vijolicna\/#breadcrumb","itemListElement":[{"@type":"ListItem","position":1,"name":"Home","item":"https:\/\/mielenzuola.it\/"},{"@type":"ListItem","position":2,"name":"Trgovina","item":"https:\/\/mielenzuola.it\/trgovina-pocenirjuhe\/"},{"@type":"ListItem","position":3,"name":"Ve\u010dnamensko pregrinjalo Frotirko &#8211; Vijoli\u010dna"}]},{"@type":"WebSite","@id":"https:\/\/mielenzuola.it\/#website","url":"https:\/\/mielenzuola.it\/","name":"Economicoirjuhe.si","description":"Dove il cotone \u00e8 di casa.","publisher":{"@id":"https:\/\/mielenzuola.it\/#organization"},"potentialAction":[{"@type":"SearchAction","target":{"@type":"EntryPoint","urlTemplate":"https:\/\/mielenzuola.it\/?s={search_term_string}"},"query-input":{"@type":"PropertyValueSpecification","valueRequired":true,"valueName":"search_term_string"}}],"inLanguage":"it-IT"},{"@type":["Organization","Place"],"@id":"https:\/\/mielenzuola.it\/#organization","name":"Economicoirjuhe.si","url":"https:\/\/mielenzuola.it\/","logo":{"@id":"https:\/\/mielenzuola.it\/izdelek\/vecnamensko-pregrinjalo-frotirko-vijolicna\/#local-main-organization-logo"},"image":{"@id":"https:\/\/mielenzuola.it\/izdelek\/vecnamensko-pregrinjalo-frotirko-vijolicna\/#local-main-organization-logo"},"sameAs":["https:\/\/www.facebook.com\/pocenirjuhe.si","https:\/\/www.instagram.com\/pocenirjuhe.si\/"],"legalName":"REPLANT d.o.o.","foundingDate":"2021-07-23","hasMerchantReturnPolicy":{"@type":"MerchantReturnPolicy","merchantReturnLink":"https:\/\/mielenzuola.it\/it\/termini-e-condizioni\/"},"address":{"@id":"https:\/\/mielenzuola.it\/izdelek\/vecnamensko-pregrinjalo-frotirko-vijolicna\/#local-main-place-address"},"telephone":["051 787 007"],"openingHoursSpecification":[{"@type":"OpeningHoursSpecification","dayOfWeek":["Monday","Tuesday","Wednesday","Thursday","Friday"],"opens":"08:00","closes":"16:00"},{"@type":"OpeningHoursSpecification","dayOfWeek":["Saturday","Sunday"],"opens":"00:00","closes":"00:00"}],"email":"info@mielenzuola.it","vatID":"SI66253012"},{"@type":"PostalAddress","@id":"https:\/\/mielenzuola.it\/izdelek\/vecnamensko-pregrinjalo-frotirko-vijolicna\/#local-main-place-address","streetAddress":"Obrtni\u0161ka ulica 30","addressLocality":"Koper","postalCode":"6000","addressCountry":"SI"},{"@type":"ImageObject","inLanguage":"it-IT","@id":"https:\/\/mielenzuola.it\/izdelek\/vecnamensko-pregrinjalo-frotirko-vijolicna\/#local-main-organization-logo","url":"https:\/\/mielenzuola.it\/wp-content\/uploads\/ikona-pocenirjuhe.jpg","contentUrl":"https:\/\/mielenzuola.it\/wp-content\/uploads\/ikona-pocenirjuhe.jpg","width":225,"height":225,"caption":"Pocenirjuhe.si"}]},"og_availability":"instock","product_availability":"instock","product_retailer_item_id":"VPFVI","product_condition":"new","geo.placename":"Koper","geo.region":"Slovenia"},"_links":{"self":[{"href":"https:\/\/mielenzuola.it\/it\/wp-json\/wp\/v2\/product\/6220","targetHints":{"allow":["GET"]}}],"collection":[{"href":"https:\/\/mielenzuola.it\/it\/wp-json\/wp\/v2\/product"}],"about":[{"href":"https:\/\/mielenzuola.it\/it\/wp-json\/wp\/v2\/types\/product"}],"wp:featuredmedia":[{"embeddable":true,"href":"https:\/\/mielenzuola.it\/it\/wp-json\/wp\/v2\/media\/6223"}],"wp:attachment":[{"href":"https:\/\/mielenzuola.it\/it\/wp-json\/wp\/v2\/media?parent=6220"}],"wp:term":[{"taxonomy":"product_brand","embeddable":true,"href":"https:\/\/mielenzuola.it\/it\/wp-json\/wp\/v2\/product_brand?post=6220"},{"taxonomy":"product_cat","embeddable":true,"href":"https:\/\/mielenzuola.it\/it\/wp-json\/wp\/v2\/product_cat?post=6220"},{"taxonomy":"product_tag","embeddable":true,"href":"https:\/\/mielenzuola.it\/it\/wp-json\/wp\/v2\/product_tag?post=6220"}],"curies":[{"name":"wp","href":"https:\/\/api.w.org\/{rel}","templated":true}]}}