{"id":8626,"date":"2023-03-03T11:05:09","date_gmt":"2023-03-03T11:05:09","guid":{"rendered":"https:\/\/mielenzuola.it\/?post_type=product&#038;p=8626"},"modified":"2025-11-12T08:00:05","modified_gmt":"2025-11-12T08:00:05","slug":"parure-copripiumino-armonia-bianca-e-nera","status":"publish","type":"product","link":"https:\/\/mielenzuola.it\/it\/prodotto\/parure-copripiumino-armonia-bianca-e-nera\/","title":{"rendered":"Biancheria da letto Armonia bianca e nera"},"content":{"rendered":"<h2>Biancheria da letto Armonia bianca e nera<\/h2>\n<p><strong>Biancheria da letto Armonia bianca e nera<\/strong> combina la massima qualit\u00e0 e una piacevole sensazione al tatto per garantire un sonno rilassato e confortevole. Il suo elegante motivo in bianco e nero aggiunger\u00e0 raffinatezza e stile senza tempo alla vostra camera da letto.<\/p>\n<p>La biancheria da letto bianca e nera \u00e8 realizzata in <strong>100% cotone renforce<\/strong>, noto per la sua morbidezza, la traspirabilit\u00e0 e la facilit\u00e0 di contatto con la pelle. Il tessuto utilizzato ha <strong>Certificato OEKO-TEX Standard 100<\/strong>, il che significa che \u00e8 stato testato per le sostanze nocive ed \u00e8 sicuro per il contatto con la pelle.<\/p>\n<p>Il cotone renforce \u00e8 uno dei tessuti pi\u00f9 popolari per la biancheria da letto. Il tipo di tessitura renforce o lino fine garantisce <strong>piacevolmente morbido e resistente<\/strong> un tessuto che \u00e8 <strong>bassa manutenzione<\/strong>.<\/p>\n<p>La biancheria da letto in cotone Renforce \u00e8 adatta per <strong>per tutte le stagioni<\/strong>. Il materiale naturale assicura che la biancheria da letto sia <strong>traspirante e traspirante<\/strong>, per cui non si suda quando si \u00e8 coperti. La circolazione dell'aria garantisce una superficie di riposo fresca in estate e calda in inverno.<\/p>\n<p>La biancheria da letto in cotone Renforce \u00e8 la prima scelta per chi vuole aumentare il comfort della propria camera da letto e garantire un sonno riposante.<\/p>\n<h3>Dimensioni disponibili<\/h3>\n<p>Nel set di biancheria da letto \u00e8 possibile scegliere tra <strong>sei dimensioni del copripiumino<\/strong> e <strong>due misure di federa<\/strong>.<\/p>\n<p>Dimensioni del copripiumino disponibili:<\/p>\n<ul>\n<li>140\u00d7200 cm<\/li>\n<li>140\u00d7220 cm<\/li>\n<li>200\u00d7200 cm<\/li>\n<li>200\u00d7220 cm<\/li>\n<li>240\u00d7220 cm<\/li>\n<li>260\u00d7200 cm<\/li>\n<\/ul>\n<p>Dimensioni della federa disponibili:<\/p>\n<ul>\n<li>50\u00d770 cm<\/li>\n<li>60\u00d780 cm<\/li>\n<\/ul>\n<p>Con un copripiumino di 140\u00d7200 cm o 140\u00d7220 cm, riceverete una federa della misura scelta. Con un copripiumino di 200\u00d7200 cm, 200\u00d7220 cm, 240\u00d7220 cm o 260\u00d7200 cm, riceverete due copripiumini della misura del cuscino scelta.<\/p>\n<hr \/>\n<p>Individuale <a href=\"https:\/\/mielenzuola.it\/it\/prodotto\/federa-armonia-bianca-e-nera\/\">federe<\/a> e <a href=\"https:\/\/mielenzuola.it\/it\/prodotto\/copripiumino-armonia-bianca-e-nera\/\">copripiumino Armonia in bianco e nero<\/a>. Potete utilizzarli per completare o personalizzare il vostro kit a vostro piacimento.<\/p>\n<p>Cotone Renforce\u00a0<a href=\"https:\/\/mielenzuola.it\/it\/categoria-prodotto\/camera-da-letto\/parure-copripiumino\/\">biancheria da letto<\/a> \u00e8 disponibile anche con altri motivi attraenti come: <a href=\"https:\/\/mielenzuola.it\/it\/prodotto\/parure-copripiumino-zig-zag\/\">Zigzag<\/a>, <a href=\"https:\/\/mielenzuola.it\/it\/prodotto\/parure-copripiumino-il-battito-dell-amore\/\">Il battito dell'amore<\/a>,\u00a0<a href=\"https:\/\/mielenzuola.it\/it\/prodotto\/parure-copripiumino-collage-colorato\/\">Collage di colori<\/a>, <a href=\"https:\/\/mielenzuola.it\/it\/prodotto\/parure-copripiumino-retro-cube\/\">Cubo retr\u00f2<\/a>, <a href=\"https:\/\/mielenzuola.it\/it\/prodotto\/parure-copripiumino-rustica\/\">Rustico<\/a>, <a href=\"https:\/\/mielenzuola.it\/it\/prodotto\/parure-copripiumino-meteora-colorata-grigia\/\">Colore del lancio - Grigio<\/a> e <a href=\"https:\/\/mielenzuola.it\/it\/prodotto\/parure-copripiumino-scacchiera-blu-e-bianca\/\">Scacchiera blu e bianca<\/a>.<\/p>\n<p>\ud83d\udc49 Esplorate l'offerta completa nel nostro sito web <a href=\"https:\/\/mielenzuola.it\/it\/\">negozio online Pocenirjuhe.si<\/a> e creare <a href=\"https:\/\/mielenzuola.it\/it\/categoria-prodotto\/camera-da-letto\/\">camera da letto<\/a> a seconda dei gusti.<\/p>","protected":false},"excerpt":{"rendered":"<p><img loading=\"lazy\" decoding=\"async\" src=\"https:\/\/mielenzuola.it\/wp-content\/uploads\/check-1-400x400.png\" alt=\"\" width=\"20\" height=\"20\" \/> 100% cotone renforce<br \/>\n<img loading=\"lazy\" decoding=\"async\" src=\"https:\/\/mielenzuola.it\/wp-content\/uploads\/check-1-400x400.png\" alt=\"\" width=\"20\" height=\"20\" \/> Realizzato in materiale certificato OEKO-TEX Standard 100<br \/>\n<img loading=\"lazy\" decoding=\"async\" src=\"https:\/\/mielenzuola.it\/wp-content\/uploads\/check-1-400x400.png\" alt=\"\" width=\"20\" height=\"20\" \/> Peso 130 g\/m<sup>2<\/sup><br \/>\n<img loading=\"lazy\" decoding=\"async\" src=\"https:\/\/mielenzuola.it\/wp-content\/uploads\/check-1-400x400.png\" alt=\"\" width=\"20\" height=\"20\" \/> Numero di fili 160<br \/>\n<img loading=\"lazy\" decoding=\"async\" src=\"https:\/\/mielenzuola.it\/wp-content\/uploads\/check-1-400x400.png\" alt=\"\" width=\"20\" height=\"20\" \/> Piacevolmente liscio al tatto<br \/>\n<img loading=\"lazy\" decoding=\"async\" src=\"https:\/\/mielenzuola.it\/wp-content\/uploads\/check-1-400x400.png\" alt=\"\" width=\"20\" height=\"20\" \/> Chiusura a zip<br \/>\n<img loading=\"lazy\" decoding=\"async\" src=\"https:\/\/mielenzuola.it\/wp-content\/uploads\/check-1-400x400.png\" alt=\"\" width=\"20\" height=\"20\" \/> Prodotto in Europa<\/p>\n<hr \/>\n<p><strong>Include:<\/strong><br \/>\n1\u00d7 copripiumino 140\u00d7200 o 140\u00d7220 cm + 1\u00d7 federa<br \/>\no<br \/>\n1\u00d7 copripiumino 200\u00d7200, 200\u00d7220, 240\u00d7220 o 260\u00d7200 cm + 2\u00d7 federa<\/p>","protected":false},"featured_media":8965,"template":"","meta":[],"product_brand":[697],"product_cat":[72,15],"product_tag":[282,283,284,359,360,361,429,644,645,646,281],"class_list":{"0":"post-8626","1":"product","2":"type-product","3":"status-publish","4":"has-post-thumbnail","6":"product_brand-pocenirjuhe","7":"product_cat-posteljnina","8":"product_cat-spalnica","9":"product_tag-posteljnina-200x200-cm","10":"product_tag-posteljnina-260x200-cm","11":"product_tag-kvalitetna-posteljnina","12":"product_tag-posteljnina-140x220-cm","13":"product_tag-posteljnina-200x220-cm","14":"product_tag-posteljnina-240x220-cm","15":"product_tag-posteljnine-poceni-rjuhe","16":"product_tag-bombazna-posteljnina","17":"product_tag-moderna-posteljnina","18":"product_tag-posteljnina-za-enojno-posteljo","19":"product_tag-posteljnina-140x200-cm","20":"pa_barva-bela","21":"pa_barva-crna","22":"pa_barva-siva","23":"pa_barva-2-bela","24":"pa_barva-2-crna","25":"pa_dim-prevleka-odeja-140x200-cm","26":"pa_dim-prevleka-odeja-140x220-cm","27":"pa_dim-prevleka-odeja-200x200-cm","28":"pa_dim-prevleka-odeja-200x220-cm","29":"pa_dim-prevleka-odeja-240x220-cm","30":"pa_dim-prevleka-odeja-260x200-cm","31":"pa_dim-prevleka-vzglavnik-50x70-cm","32":"pa_dim-prevleka-vzglavnik-60x80-cm","33":"pa_motiv-crno-bela-harmonija","35":"first","36":"outofstock","37":"sale","38":"shipping-taxable","39":"purchasable","40":"product-type-variable"},"yoast_head":"<!-- This site is optimized with the Yoast SEO Premium plugin v25.3.1 (Yoast SEO v26.4) - https:\/\/yoast.com\/wordpress\/plugins\/seo\/ -->\n<title>Posteljnina \u010crno-bela harmonija | 100% Bomba\u017e Renforce | Mielenzuola.it<\/title>\n<meta name=\"description\" content=\"Visokokakovostna Posteljnina \u010crno-bela harmonija izdelana iz naravnega 100% bomba\u017ea renforce vam ponuja vrhunsko udobje po najugodnej\u0161i ceni!\" \/>\n<meta name=\"robots\" content=\"noindex, follow, max-snippet:-1, max-image-preview:large, max-video-preview:-1\" \/>\n<meta property=\"og:locale\" content=\"it_IT\" \/>\n<meta property=\"og:type\" content=\"article\" \/>\n<meta property=\"og:title\" content=\"Posteljnina \u010crno-bela harmonija | 100% Bomba\u017e Renforce | Mielenzuola.it\" \/>\n<meta property=\"og:description\" content=\"Visokokakovostna Posteljnina \u010crno-bela harmonija izdelana iz naravnega 100% bomba\u017ea renforce vam ponuja vrhunsko udobje po najugodnej\u0161i ceni!\" \/>\n<meta property=\"og:url\" content=\"https:\/\/mielenzuola.it\/it\/prodotto\/parure-copripiumino-armonia-bianca-e-nera\/\" \/>\n<meta property=\"og:site_name\" content=\"Mielenzuola.it\" \/>\n<meta property=\"article:publisher\" content=\"https:\/\/www.facebook.com\/pocenirjuhe.si\" \/>\n<meta property=\"article:modified_time\" content=\"2025-11-12T08:00:05+00:00\" \/>\n<meta property=\"og:image\" content=\"https:\/\/mielenzuola.it\/wp-content\/uploads\/posteljnina-crno-bela-harmonija.jpg\" \/>\n\t<meta property=\"og:image:width\" content=\"800\" \/>\n\t<meta property=\"og:image:height\" content=\"800\" \/>\n\t<meta property=\"og:image:type\" content=\"image\/jpeg\" \/>\n<meta name=\"twitter:card\" content=\"summary_large_image\" \/>\n<meta name=\"twitter:title\" content=\"Posteljnina \u010crno-bela harmonija | 100% Bomba\u017e Renforce | Mielenzuola.it\" \/>\n<meta name=\"twitter:description\" content=\"Visokokakovostna Posteljnina \u010crno-bela harmonija izdelana iz 100% bomba\u017ea vam ponuja vrhunsko udobje po najugodnej\u0161i ceni!\" \/>\n<meta name=\"twitter:image\" content=\"https:\/\/mielenzuola.it\/wp-content\/uploads\/posteljnina-crno-bela-harmonija.jpg\" \/>\n<meta name=\"twitter:label1\" content=\"Disponibilit\u00e0\" \/>\n\t<meta name=\"twitter:data1\" content=\"Esaurito\" \/>\n<script type=\"application\/ld+json\" class=\"yoast-schema-graph\">{\"@context\":\"https:\/\/schema.org\",\"@graph\":[{\"@type\":\"WebPage\",\"@id\":\"https:\/\/mielenzuola.it\/izdelek\/posteljnina-crno-bela-harmonija\/\",\"url\":\"https:\/\/mielenzuola.it\/izdelek\/posteljnina-crno-bela-harmonija\/\",\"name\":\"Posteljnina \u010crno-bela harmonija | 100% Bomba\u017e Renforce | Mielenzuola.it\",\"isPartOf\":{\"@id\":\"https:\/\/mielenzuola.it\/#website\"},\"primaryImageOfPage\":{\"@id\":\"https:\/\/mielenzuola.it\/izdelek\/posteljnina-crno-bela-harmonija\/#primaryimage\"},\"image\":{\"@id\":\"https:\/\/mielenzuola.it\/izdelek\/posteljnina-crno-bela-harmonija\/#primaryimage\"},\"thumbnailUrl\":\"https:\/\/mielenzuola.it\/wp-content\/uploads\/posteljnina-crno-bela-harmonija.jpg\",\"datePublished\":\"2023-03-03T11:05:09+00:00\",\"dateModified\":\"2025-11-12T08:00:05+00:00\",\"description\":\"Visokokakovostna Posteljnina \u010crno-bela harmonija izdelana iz naravnega 100% bomba\u017ea renforce vam ponuja vrhunsko udobje po najugodnej\u0161i ceni!\",\"breadcrumb\":{\"@id\":\"https:\/\/mielenzuola.it\/izdelek\/posteljnina-crno-bela-harmonija\/#breadcrumb\"},\"inLanguage\":\"it-IT\",\"potentialAction\":[{\"@type\":\"ReadAction\",\"target\":[\"https:\/\/mielenzuola.it\/izdelek\/posteljnina-crno-bela-harmonija\/\"]}]},{\"@type\":\"ImageObject\",\"inLanguage\":\"it-IT\",\"@id\":\"https:\/\/mielenzuola.it\/izdelek\/posteljnina-crno-bela-harmonija\/#primaryimage\",\"url\":\"https:\/\/mielenzuola.it\/wp-content\/uploads\/posteljnina-crno-bela-harmonija.jpg\",\"contentUrl\":\"https:\/\/mielenzuola.it\/wp-content\/uploads\/posteljnina-crno-bela-harmonija.jpg\",\"width\":800,\"height\":800,\"caption\":\"Posteljnina \u010crno-bela harmonija\"},{\"@type\":\"BreadcrumbList\",\"@id\":\"https:\/\/mielenzuola.it\/izdelek\/posteljnina-crno-bela-harmonija\/#breadcrumb\",\"itemListElement\":[{\"@type\":\"ListItem\",\"position\":1,\"name\":\"Home\",\"item\":\"https:\/\/mielenzuola.it\/\"},{\"@type\":\"ListItem\",\"position\":2,\"name\":\"Trgovina\",\"item\":\"https:\/\/mielenzuola.it\/trgovina-pocenirjuhe\/\"},{\"@type\":\"ListItem\",\"position\":3,\"name\":\"Posteljnina \u010crno-bela harmonija\"}]},{\"@type\":\"WebSite\",\"@id\":\"https:\/\/mielenzuola.it\/#website\",\"url\":\"https:\/\/mielenzuola.it\/\",\"name\":\"Pocenirjuhe.si\",\"description\":\"Dove il cotone \u00e8 di casa.\",\"publisher\":{\"@id\":\"https:\/\/mielenzuola.it\/#organization\"},\"potentialAction\":[{\"@type\":\"SearchAction\",\"target\":{\"@type\":\"EntryPoint\",\"urlTemplate\":\"https:\/\/mielenzuola.it\/?s={search_term_string}\"},\"query-input\":{\"@type\":\"PropertyValueSpecification\",\"valueRequired\":true,\"valueName\":\"search_term_string\"}}],\"inLanguage\":\"it-IT\"},{\"@type\":[\"Organization\",\"Place\"],\"@id\":\"https:\/\/mielenzuola.it\/#organization\",\"name\":\"Pocenirjuhe.si\",\"url\":\"https:\/\/mielenzuola.it\/\",\"logo\":{\"@id\":\"https:\/\/mielenzuola.it\/izdelek\/posteljnina-crno-bela-harmonija\/#local-main-organization-logo\"},\"image\":{\"@id\":\"https:\/\/mielenzuola.it\/izdelek\/posteljnina-crno-bela-harmonija\/#local-main-organization-logo\"},\"sameAs\":[\"https:\/\/www.facebook.com\/pocenirjuhe.si\",\"https:\/\/www.instagram.com\/pocenirjuhe.si\/\"],\"legalName\":\"REPLANT d.o.o.\",\"foundingDate\":\"2021-07-23\",\"hasMerchantReturnPolicy\":{\"@type\":\"MerchantReturnPolicy\",\"merchantReturnLink\":\"https:\/\/mielenzuola.it\/it\/termini-e-condizioni\/\"},\"address\":{\"@id\":\"https:\/\/mielenzuola.it\/izdelek\/posteljnina-crno-bela-harmonija\/#local-main-place-address\"},\"telephone\":[\"051 787 007\"],\"openingHoursSpecification\":[{\"@type\":\"OpeningHoursSpecification\",\"dayOfWeek\":[\"Monday\",\"Tuesday\",\"Wednesday\",\"Thursday\",\"Friday\"],\"opens\":\"08:00\",\"closes\":\"16:00\"},{\"@type\":\"OpeningHoursSpecification\",\"dayOfWeek\":[\"Saturday\",\"Sunday\"],\"opens\":\"00:00\",\"closes\":\"00:00\"}],\"email\":\"info@mielenzuola.it\",\"vatID\":\"SI66253012\"},{\"@type\":\"PostalAddress\",\"@id\":\"https:\/\/mielenzuola.it\/izdelek\/posteljnina-crno-bela-harmonija\/#local-main-place-address\",\"streetAddress\":\"Obrtni\u0161ka ulica 30\",\"addressLocality\":\"Koper\",\"postalCode\":\"6000\",\"addressCountry\":\"SI\"},{\"@type\":\"ImageObject\",\"inLanguage\":\"it-IT\",\"@id\":\"https:\/\/mielenzuola.it\/izdelek\/posteljnina-crno-bela-harmonija\/#local-main-organization-logo\",\"url\":\"https:\/\/mielenzuola.it\/wp-content\/uploads\/ikona-pocenirjuhe.jpg\",\"contentUrl\":\"https:\/\/mielenzuola.it\/wp-content\/uploads\/ikona-pocenirjuhe.jpg\",\"width\":225,\"height\":225,\"caption\":\"Pocenirjuhe.si\"}]}<\/script>\n<meta property=\"og:availability\" content=\"out of stock\" \/>\n<meta property=\"product:availability\" content=\"out of stock\" \/>\n<meta property=\"product:retailer_item_id\" content=\"PCBH\" \/>\n<meta property=\"product:condition\" content=\"new\" \/>\n<meta name=\"geo.placename\" content=\"Koper\" \/>\n<meta name=\"geo.region\" content=\"Slovenia\" \/>\n<!-- \/ Yoast SEO Premium plugin. -->","yoast_head_json":{"title":"Biancheria da letto armonia bianca e nera | 100% Cotone Renforce | Mielenzuola.it","description":"La biancheria da letto Harmony bianca e nera di alta qualit\u00e0 in cotone naturale 100% di renforce vi offre il massimo del comfort al miglior prezzo!","robots":{"index":"noindex","follow":"follow","max-snippet":"max-snippet:-1","max-image-preview":"max-image-preview:large","max-video-preview":"max-video-preview:-1"},"og_locale":"it_IT","og_type":"article","og_title":"Posteljnina \u010crno-bela harmonija | 100% Bomba\u017e Renforce | Mielenzuola.it","og_description":"Visokokakovostna Posteljnina \u010crno-bela harmonija izdelana iz naravnega 100% bomba\u017ea renforce vam ponuja vrhunsko udobje po najugodnej\u0161i ceni!","og_url":"https:\/\/mielenzuola.it\/it\/prodotto\/parure-copripiumino-armonia-bianca-e-nera\/","og_site_name":"Mielenzuola.it","article_publisher":"https:\/\/www.facebook.com\/pocenirjuhe.si","article_modified_time":"2025-11-12T08:00:05+00:00","og_image":[{"width":800,"height":800,"url":"https:\/\/mielenzuola.it\/wp-content\/uploads\/posteljnina-crno-bela-harmonija.jpg","type":"image\/jpeg"}],"twitter_card":"summary_large_image","twitter_title":"Posteljnina \u010crno-bela harmonija | 100% Bomba\u017e Renforce | Mielenzuola.it","twitter_description":"Visokokakovostna Posteljnina \u010crno-bela harmonija izdelana iz 100% bomba\u017ea vam ponuja vrhunsko udobje po najugodnej\u0161i ceni!","twitter_image":"https:\/\/mielenzuola.it\/wp-content\/uploads\/posteljnina-crno-bela-harmonija.jpg","twitter_misc":{"Disponibilit\u00e0":"Esaurito"},"schema":{"@context":"https:\/\/schema.org","@graph":[{"@type":"WebPage","@id":"https:\/\/mielenzuola.it\/izdelek\/posteljnina-crno-bela-harmonija\/","url":"https:\/\/mielenzuola.it\/izdelek\/posteljnina-crno-bela-harmonija\/","name":"Biancheria da letto armonia bianca e nera | 100% Cotone Renforce | Mielenzuola.it","isPartOf":{"@id":"https:\/\/mielenzuola.it\/#website"},"primaryImageOfPage":{"@id":"https:\/\/mielenzuola.it\/izdelek\/posteljnina-crno-bela-harmonija\/#primaryimage"},"image":{"@id":"https:\/\/mielenzuola.it\/izdelek\/posteljnina-crno-bela-harmonija\/#primaryimage"},"thumbnailUrl":"https:\/\/mielenzuola.it\/wp-content\/uploads\/posteljnina-crno-bela-harmonija.jpg","datePublished":"2023-03-03T11:05:09+00:00","dateModified":"2025-11-12T08:00:05+00:00","description":"La biancheria da letto Harmony bianca e nera di alta qualit\u00e0 in cotone naturale 100% di renforce vi offre il massimo del comfort al miglior prezzo!","breadcrumb":{"@id":"https:\/\/mielenzuola.it\/izdelek\/posteljnina-crno-bela-harmonija\/#breadcrumb"},"inLanguage":"it-IT","potentialAction":[{"@type":"ReadAction","target":["https:\/\/mielenzuola.it\/izdelek\/posteljnina-crno-bela-harmonija\/"]}]},{"@type":"ImageObject","inLanguage":"it-IT","@id":"https:\/\/mielenzuola.it\/izdelek\/posteljnina-crno-bela-harmonija\/#primaryimage","url":"https:\/\/mielenzuola.it\/wp-content\/uploads\/posteljnina-crno-bela-harmonija.jpg","contentUrl":"https:\/\/mielenzuola.it\/wp-content\/uploads\/posteljnina-crno-bela-harmonija.jpg","width":800,"height":800,"caption":"Posteljnina \u010crno-bela harmonija"},{"@type":"BreadcrumbList","@id":"https:\/\/mielenzuola.it\/izdelek\/posteljnina-crno-bela-harmonija\/#breadcrumb","itemListElement":[{"@type":"ListItem","position":1,"name":"Home","item":"https:\/\/mielenzuola.it\/"},{"@type":"ListItem","position":2,"name":"Trgovina","item":"https:\/\/mielenzuola.it\/trgovina-pocenirjuhe\/"},{"@type":"ListItem","position":3,"name":"Posteljnina \u010crno-bela harmonija"}]},{"@type":"WebSite","@id":"https:\/\/mielenzuola.it\/#website","url":"https:\/\/mielenzuola.it\/","name":"Economicoirjuhe.si","description":"Dove il cotone \u00e8 di casa.","publisher":{"@id":"https:\/\/mielenzuola.it\/#organization"},"potentialAction":[{"@type":"SearchAction","target":{"@type":"EntryPoint","urlTemplate":"https:\/\/mielenzuola.it\/?s={search_term_string}"},"query-input":{"@type":"PropertyValueSpecification","valueRequired":true,"valueName":"search_term_string"}}],"inLanguage":"it-IT"},{"@type":["Organization","Place"],"@id":"https:\/\/mielenzuola.it\/#organization","name":"Economicoirjuhe.si","url":"https:\/\/mielenzuola.it\/","logo":{"@id":"https:\/\/mielenzuola.it\/izdelek\/posteljnina-crno-bela-harmonija\/#local-main-organization-logo"},"image":{"@id":"https:\/\/mielenzuola.it\/izdelek\/posteljnina-crno-bela-harmonija\/#local-main-organization-logo"},"sameAs":["https:\/\/www.facebook.com\/pocenirjuhe.si","https:\/\/www.instagram.com\/pocenirjuhe.si\/"],"legalName":"REPLANT d.o.o.","foundingDate":"2021-07-23","hasMerchantReturnPolicy":{"@type":"MerchantReturnPolicy","merchantReturnLink":"https:\/\/mielenzuola.it\/it\/termini-e-condizioni\/"},"address":{"@id":"https:\/\/mielenzuola.it\/izdelek\/posteljnina-crno-bela-harmonija\/#local-main-place-address"},"telephone":["051 787 007"],"openingHoursSpecification":[{"@type":"OpeningHoursSpecification","dayOfWeek":["Monday","Tuesday","Wednesday","Thursday","Friday"],"opens":"08:00","closes":"16:00"},{"@type":"OpeningHoursSpecification","dayOfWeek":["Saturday","Sunday"],"opens":"00:00","closes":"00:00"}],"email":"info@mielenzuola.it","vatID":"SI66253012"},{"@type":"PostalAddress","@id":"https:\/\/mielenzuola.it\/izdelek\/posteljnina-crno-bela-harmonija\/#local-main-place-address","streetAddress":"Obrtni\u0161ka ulica 30","addressLocality":"Koper","postalCode":"6000","addressCountry":"SI"},{"@type":"ImageObject","inLanguage":"it-IT","@id":"https:\/\/mielenzuola.it\/izdelek\/posteljnina-crno-bela-harmonija\/#local-main-organization-logo","url":"https:\/\/mielenzuola.it\/wp-content\/uploads\/ikona-pocenirjuhe.jpg","contentUrl":"https:\/\/mielenzuola.it\/wp-content\/uploads\/ikona-pocenirjuhe.jpg","width":225,"height":225,"caption":"Pocenirjuhe.si"}]},"og_availability":"out of stock","product_availability":"out of stock","product_retailer_item_id":"PCBH","product_condition":"new","geo.placename":"Koper","geo.region":"Slovenia"},"_links":{"self":[{"href":"https:\/\/mielenzuola.it\/it\/wp-json\/wp\/v2\/product\/8626","targetHints":{"allow":["GET"]}}],"collection":[{"href":"https:\/\/mielenzuola.it\/it\/wp-json\/wp\/v2\/product"}],"about":[{"href":"https:\/\/mielenzuola.it\/it\/wp-json\/wp\/v2\/types\/product"}],"wp:featuredmedia":[{"embeddable":true,"href":"https:\/\/mielenzuola.it\/it\/wp-json\/wp\/v2\/media\/8965"}],"wp:attachment":[{"href":"https:\/\/mielenzuola.it\/it\/wp-json\/wp\/v2\/media?parent=8626"}],"wp:term":[{"taxonomy":"product_brand","embeddable":true,"href":"https:\/\/mielenzuola.it\/it\/wp-json\/wp\/v2\/product_brand?post=8626"},{"taxonomy":"product_cat","embeddable":true,"href":"https:\/\/mielenzuola.it\/it\/wp-json\/wp\/v2\/product_cat?post=8626"},{"taxonomy":"product_tag","embeddable":true,"href":"https:\/\/mielenzuola.it\/it\/wp-json\/wp\/v2\/product_tag?post=8626"}],"curies":[{"name":"wp","href":"https:\/\/api.w.org\/{rel}","templated":true}]}}